{"id":1148,"date":"2020-06-25T10:45:05","date_gmt":"2020-06-25T10:45:05","guid":{"rendered":"https:\/\/bookexperience.aralleida.cat\/producte\/el-cinque-llac-ruta-de-senderismo\/"},"modified":"2022-12-22T10:06:24","modified_gmt":"2022-12-22T10:06:24","slug":"el-cinque-llac-ruta-de-senderismo","status":"publish","type":"product","link":"https:\/\/bookexperience.aralleida.cat\/es\/producte\/el-cinque-llac-ruta-de-senderismo\/","title":{"rendered":"EL CINQU\u00c8 LLAC ruta de senderismo"},"content":{"rendered":"<h4>Incluye:<\/h4>\n<ul>\n<li>Billete de ida y vuelta en el <strong>Tren de Los Lagos<\/strong> (Lleida-La Pobla de Segur-Lleida)<\/li>\n<li><strong>6 noches de alojamiento<\/strong> en Casas Rurales con encanto.<\/li>\n<li>6 bebidas de bienvenida<\/li>\n<li>6 R\u00e9gimen de media pensi\u00f3n.<\/li>\n<li>6 comidas que se proporcionaran con fiambrera y servilleta de tela para generar el m\u00ednimo de residuos.<\/li>\n<li>Transporte de equipaje entre los alojamientos.<\/li>\n<li>Seguro b\u00e1sico.<\/li>\n<li><strong>Documentaci\u00f3n y hojas de ruta<\/strong> a escala 1:30.000 con todo tipo de informaci\u00f3n sobre el entorno, la naturaleza y la cultura.<\/li>\n<li>Tel\u00e9fono de contacto 24 horas para cualquier informaci\u00f3n o urgencia.<\/li>\n<li>Regalo final que s\u00f3lo se puede obtener cubriendo todas las etapas de la ruta El Quinto Lago.<\/li>\n<\/ul>\n","protected":false},"excerpt":{"rendered":"<p><strong>El Prepirineo es un territorio muy poco conocido de Catalu\u00f1a, pero ideal para disfrutar caminando de la naturaleza, la tranquilidad y la nostalgia.<\/strong><\/p>\n<p>Te invitamos a subir al panor\u00e1mico <strong>Tren de los Lagos<\/strong> y disfrutar de un trayecto excepcional desde la llanura de Lleida hasta los pies del Pirineo. Cuatro son los lagos que encontrar\u00e1s a lo largo del recorrido: Sant Lloren\u00e7 de Montgai, Camarasa, Cellers y Sant Antoni.<br \/>\n<strong>El Quinto Lago<\/strong>, que da nombre a la ruta, es el que encontrar\u00e1s haciendo este itinerario circular de senderismo de media monta\u00f1a, asequible a todo tipo de aficionados. Est\u00e1 se\u00f1alizado y dividido en <strong>5 etapas de entre 4 y 6 horas<\/strong> y presenta una dificultad t\u00e9cnica baja. A lo largo de los 105 km, ir\u00e1s superando la orograf\u00eda cambiante que te ofrece la naturaleza y disfrutando de una de las zonas del Pirineo m\u00e1s sorprendentes, para acabar descubriendo el lago de Montcort\u00e8s, misterioso y po\u00e9tico, un lago encantado, escenario de bellas leyendas.<br \/>\nEl descanso en los <strong>alojamientos rurales<\/strong> ser\u00e1 tambi\u00e9n una experiencia \u00fanica: te ofrecer\u00e1n <strong>gastronom\u00eda<\/strong> de calidad basada en nuestros deliciosos productos agroalimentarios, te har\u00e1n la ruta m\u00e1s ligera organizando el <strong>traslado del equipaje<\/strong> de casa en casa mientras t\u00fa caminas sin peso, y te proporcionar\u00e1n las <strong>comidas en fiambrera<\/strong> y servilleta de tela de fardo como usaban los pastores que recorr\u00edan estos caminos.<\/p>\n<p>En suma, una <strong>gran experiencia de turismo responsable y sostenible.<\/strong><\/p>\n","protected":false},"featured_media":1145,"comment_status":"open","ping_status":"closed","template":"","meta":{"_acf_changed":false},"product_brand":[],"product_cat":[50,92,104,54,42],"product_tag":[],"class_list":{"0":"post-1148","1":"product","2":"type-product","3":"status-publish","4":"has-post-thumbnail","6":"product_cat-natura-es","7":"product_cat-pallars-jussa-es","8":"product_cat-pallars-sobira-es","9":"product_cat-senderismo","10":"product_cat-turismo-activo-deporte","12":"first","13":"instock","14":"shipping-taxable","15":"product-type-simple"},"acf":[],"_links":{"self":[{"href":"https:\/\/bookexperience.aralleida.cat\/es\/wp-json\/wp\/v2\/product\/1148","targetHints":{"allow":["GET"]}}],"collection":[{"href":"https:\/\/bookexperience.aralleida.cat\/es\/wp-json\/wp\/v2\/product"}],"about":[{"href":"https:\/\/bookexperience.aralleida.cat\/es\/wp-json\/wp\/v2\/types\/product"}],"replies":[{"embeddable":true,"href":"https:\/\/bookexperience.aralleida.cat\/es\/wp-json\/wp\/v2\/comments?post=1148"}],"version-history":[{"count":4,"href":"https:\/\/bookexperience.aralleida.cat\/es\/wp-json\/wp\/v2\/product\/1148\/revisions"}],"predecessor-version":[{"id":4614,"href":"https:\/\/bookexperience.aralleida.cat\/es\/wp-json\/wp\/v2\/product\/1148\/revisions\/4614"}],"wp:featuredmedia":[{"embeddable":true,"href":"https:\/\/bookexperience.aralleida.cat\/es\/wp-json\/wp\/v2\/media\/1145"}],"wp:attachment":[{"href":"https:\/\/bookexperience.aralleida.cat\/es\/wp-json\/wp\/v2\/media?parent=1148"}],"wp:term":[{"taxonomy":"product_brand","embeddable":true,"href":"https:\/\/bookexperience.aralleida.cat\/es\/wp-json\/wp\/v2\/product_brand?post=1148"},{"taxonomy":"product_cat","embeddable":true,"href":"https:\/\/bookexperience.aralleida.cat\/es\/wp-json\/wp\/v2\/product_cat?post=1148"},{"taxonomy":"product_tag","embeddable":true,"href":"https:\/\/bookexperience.aralleida.cat\/es\/wp-json\/wp\/v2\/product_tag?post=1148"}],"curies":[{"name":"wp","href":"https:\/\/api.w.org\/{rel}","templated":true}]}}