{"id":1280,"date":"2020-06-18T10:59:51","date_gmt":"2020-06-18T10:59:51","guid":{"rendered":"https:\/\/bookexperience.aralleida.cat\/producte\/aventura-en-el-montsec-congost-de-montrebei-2\/"},"modified":"2021-12-17T09:01:07","modified_gmt":"2021-12-17T09:01:07","slug":"aventura-en-el-montsec-congost-de-montrebei","status":"publish","type":"product","link":"https:\/\/bookexperience.aralleida.cat\/es\/producte\/aventura-en-el-montsec-congost-de-montrebei\/","title":{"rendered":"Aventura en el Montsec &#8211; Congost de Montrebei"},"content":{"rendered":"<ul>\n<li>Precio por persona. M\u00ednimo 2 personas (consulta los precios en nuestra web).<\/li>\n<li>Toda reserva queda bajo petici\u00f3n seg\u00fan disponibilidad.<\/li>\n<li>La compra de la experiencia tiene una validez de 12 meses desde el momento de su compra.<\/li>\n<li>Todos los desplazamientos se har\u00e1n con medios propios del cliente.<\/li>\n<\/ul>\n","protected":false},"excerpt":{"rendered":"<p><strong>Vive la aventura: Barca y senderismo en Mont Rebei, bautizo\u00a0de\u00a0vuelo en el cielo del Montsec y observaci\u00f3n astron\u00f3mica.<\/strong><\/p>\n<h4 class=\"fusion-responsive-typography-calculated\" data-fontsize=\"22\" data-lineheight=\"29.26px\">El paquete con KAYAK o AQUA BUS incluye:<\/h4>\n<ul>\n<li>1 noche de alojamiento a escoger en el Montsec.<\/li>\n<li><span id=\"result_box\" class=\"\" lang=\"es\">Cena degustaci\u00f3n de productos tradicionales del territorio<\/span><\/li>\n<li>Entrada al\u00a0<strong>Centro de Observaci\u00f3n del Universo<\/strong>, \u00fanico en Europa con tecnolog\u00eda 3D y c\u00fapula desplazable.<\/li>\n<li><strong>Excursi\u00f3n en kayak por el Congost de Montrebei<\/strong><\/li>\n<li><span class=\"m_-6441257866437219913gmail-short_text\" lang=\"es\"><span class=\"m_-6441257866437219913gmail-\">Seguro b\u00e1sico<\/span>\u00a0<span class=\"m_-6441257866437219913gmail-\">de asistencia<\/span>\u00a0<span class=\"m_-6441257866437219913gmail-\">en viaje<\/span><span class=\"m_-6441257866437219913gmail-\">.<\/span><\/span><\/li>\n<\/ul>\n<p>&nbsp;<\/p>\n<h4 class=\"fusion-responsive-typography-calculated\" data-fontsize=\"22\" data-lineheight=\"29.26px\">El paquete con PARAPENTE incluye:<\/h4>\n<ul>\n<li>1 noche de alojamiento a escoger en el Montsec<\/li>\n<li><span id=\"result_box\" class=\"\" lang=\"es\">Cena degustaci\u00f3n de productos tradicionales del territorio.<\/span><\/li>\n<li>Entrada al\u00a0<strong>Centro de Observaci\u00f3n del Universo<\/strong>, \u00fanico en Europa con tecnolog\u00eda 3D y c\u00fapula desplazable.<\/li>\n<li><strong>Bautizo de vuelo de parapente con instructor<\/strong><\/li>\n<li><span class=\"m_-6441257866437219913gmail-short_text\" lang=\"es\"><span class=\"m_-6441257866437219913gmail-\">Seguro b\u00e1sico<\/span>\u00a0<span class=\"m_-6441257866437219913gmail-\">de asistencia<\/span>\u00a0<span class=\"m_-6441257866437219913gmail-\">en viaje<\/span><span class=\"m_-6441257866437219913gmail-\">.<\/span><\/span><\/li>\n<\/ul>\n<p>&nbsp;<\/p>\n<h4 class=\"fusion-responsive-typography-calculated\" data-fontsize=\"22\" data-lineheight=\"29.26px\">Como obsequio especial:<\/h4>\n<ul>\n<li>Visita guiada al <strong>Castillo de Os de Balaguer y Museo de Campanas de Catalu\u00f1a<\/strong><\/li>\n<li>Obsequio recuerdo de Os de Balaguer<\/li>\n<li>Tickets descuento para la agrotienda<\/li>\n<\/ul>\n","protected":false},"featured_media":402,"comment_status":"open","ping_status":"closed","template":"","meta":{"_acf_changed":false},"product_brand":[],"product_cat":[33,100,50,54,42],"product_tag":[],"class_list":{"0":"post-1280","1":"product","2":"type-product","3":"status-publish","4":"has-post-thumbnail","6":"product_cat-astronomia-es","7":"product_cat-la-noguera-es","8":"product_cat-natura-es","9":"product_cat-senderismo","10":"product_cat-turismo-activo-deporte","12":"first","13":"instock","14":"shipping-taxable","15":"product-type-simple"},"acf":[],"_links":{"self":[{"href":"https:\/\/bookexperience.aralleida.cat\/es\/wp-json\/wp\/v2\/product\/1280","targetHints":{"allow":["GET"]}}],"collection":[{"href":"https:\/\/bookexperience.aralleida.cat\/es\/wp-json\/wp\/v2\/product"}],"about":[{"href":"https:\/\/bookexperience.aralleida.cat\/es\/wp-json\/wp\/v2\/types\/product"}],"replies":[{"embeddable":true,"href":"https:\/\/bookexperience.aralleida.cat\/es\/wp-json\/wp\/v2\/comments?post=1280"}],"version-history":[{"count":1,"href":"https:\/\/bookexperience.aralleida.cat\/es\/wp-json\/wp\/v2\/product\/1280\/revisions"}],"predecessor-version":[{"id":4285,"href":"https:\/\/bookexperience.aralleida.cat\/es\/wp-json\/wp\/v2\/product\/1280\/revisions\/4285"}],"wp:featuredmedia":[{"embeddable":true,"href":"https:\/\/bookexperience.aralleida.cat\/es\/wp-json\/wp\/v2\/media\/402"}],"wp:attachment":[{"href":"https:\/\/bookexperience.aralleida.cat\/es\/wp-json\/wp\/v2\/media?parent=1280"}],"wp:term":[{"taxonomy":"product_brand","embeddable":true,"href":"https:\/\/bookexperience.aralleida.cat\/es\/wp-json\/wp\/v2\/product_brand?post=1280"},{"taxonomy":"product_cat","embeddable":true,"href":"https:\/\/bookexperience.aralleida.cat\/es\/wp-json\/wp\/v2\/product_cat?post=1280"},{"taxonomy":"product_tag","embeddable":true,"href":"https:\/\/bookexperience.aralleida.cat\/es\/wp-json\/wp\/v2\/product_tag?post=1280"}],"curies":[{"name":"wp","href":"https:\/\/api.w.org\/{rel}","templated":true}]}}