{"id":1282,"date":"2020-06-21T20:27:28","date_gmt":"2020-06-21T20:27:28","guid":{"rendered":"https:\/\/bookexperience.aralleida.cat\/producte\/escapada-por-que-tu-lo-vales-6-noches\/"},"modified":"2022-12-01T11:49:40","modified_gmt":"2022-12-01T11:49:40","slug":"escapada-por-que-tu-lo-vales-6-noches","status":"publish","type":"product","link":"https:\/\/bookexperience.aralleida.cat\/es\/producte\/escapada-por-que-tu-lo-vales-6-noches\/","title":{"rendered":"ESCAPADA POR QUE TU LO VALES!"},"content":{"rendered":"<p>\u2022 Precio por persona. M\u00ednimo 2 personas (consulta los precios dentro de la nuestra web).<br \/>\n\u2022 Toda reserva queda bajo petici\u00f3n seg\u00fan\u00a0 disponibilidad.<br \/>\n\u2022 Todos los desplazamientos se har\u00e1n con medios propios del cliente.<\/p>\n<p><strong>OBSEQUIO:<\/strong><\/p>\n<p>Novela del Pallars Sobir\u00e0 o Camiseta y cuento del Pallars Sobir\u00e0<\/p>\n","protected":false},"excerpt":{"rendered":"<p>Excursiones en privado.<\/p>\n<p><strong>1\u00ba D\u00cdA<\/strong><\/p>\n<ul>\n<li>6 noches de alojamiento en apartamento<\/li>\n<li><strong>Tarde:<\/strong>\u00a0Introducci\u00f3n a las actividades de los pr\u00f3ximos d\u00edas.<\/li>\n<\/ul>\n<p>&nbsp;<\/p>\n<p><strong>2\u00ba D\u00cdA:\u00a0<\/strong><strong>BATLLIU DE SORT<\/strong><\/p>\n<ul>\n<li><strong>Ma\u00f1ana:<\/strong>\u00a0\u00abBiu\u00bb un Trozo de Sort;\u00a0<strong>ruta de vinos, paisajes y quesos por el Batlliu de Sort.<\/strong>\u00a0Ruta a pie. Incluye cata de vinos y quesos.<\/li>\n<li><strong>Tarde<\/strong>: Os recomendamos, un ba\u00f1o en la piscina de Sort, visitar el Museo de la Sal de Gerri o visitar la villa de Peramea.<\/li>\n<\/ul>\n<p>&nbsp;<\/p>\n<p><strong>3\u00ba D\u00cdA:\u00a0<\/strong><strong>VALLE DE \u00c0SSUA<\/strong><\/p>\n<ul>\n<li><strong>Ma\u00f1ana:<\/strong>\u00a0C\u00f3mo veranean las manadas por la Monta\u00f1a de Llessu\u00ed en 4\u00d74<\/li>\n<li><strong>Tarde:<\/strong>\u00a0Os recomendamos un ba\u00f1o en la piscina de Portain\u00e9, visitar la Prisi\u00f3n-Museo de Sort, la Queser\u00eda la Pe\u00e7a de Altron o las pinturas de la iglesia de Seur\u00ed<\/li>\n<\/ul>\n<p>&nbsp;<\/p>\n<p><strong>4\u00ba D\u00cdA:\u00a0<\/strong><strong>MACIZO DEL ORRI<\/strong><\/p>\n<ul>\n<li><strong>Ma\u00f1ana<\/strong>:\u00a0<strong>Tesoros del Parque Natural* por Comes de Rubi\u00f3<\/strong>, a pie y en 4\u00d74<\/li>\n<li><strong>Tarde:<\/strong>\u00a0Os recomendamos un ba\u00f1o en la piscina de Llavors\u00ed, visitar T\u00edrvia, el Museo de las Mariposas de Catalunya o el Espacio de Interpretaci\u00f3n del Hierro en Alins.<\/li>\n<\/ul>\n<p>&nbsp;<\/p>\n<p><strong>5\u00ba D\u00cdA:\u00a0<\/strong><strong>VALLE DE TOR<\/strong><\/p>\n<ul>\n<li><strong>Ma\u00f1ana-tarde:<\/strong>\u00a0<strong>Redescubriendo El Valle de Tor<\/strong>, en 4\u00d74.<\/li>\n<li>Comida en\u00a0<strong>Casa Sisqueta<\/strong><\/li>\n<\/ul>\n<p>&nbsp;<\/p>\n<p><strong>6\u00ba D\u00cdA:<\/strong>\u00a0<strong>CLAUSURA<\/strong><\/p>\n<ul>\n<li><strong>Ma\u00f1ana<\/strong>:\u00a0<strong>Pirineos Parque Aventura o Rafting familiar<\/strong>, mayores de 12 a\u00f1os<\/li>\n<li><strong>Tarde<\/strong>: Os recomendamos visitar el\u00a0<strong>Ecomuseu con la Esperanceta<\/strong><\/li>\n<\/ul>\n","protected":false},"featured_media":751,"comment_status":"open","ping_status":"closed","template":"","meta":{"_acf_changed":false},"product_brand":[],"product_cat":[46,50,104,52,54,42,40],"product_tag":[],"class_list":{"0":"post-1282","1":"product","2":"type-product","3":"status-publish","4":"has-post-thumbnail","6":"product_cat-cultura-es","7":"product_cat-natura-es","8":"product_cat-pallars-sobira-es","9":"product_cat-rutes-es","10":"product_cat-senderismo","11":"product_cat-turismo-activo-deporte","12":"product_cat-turismo-familiar","14":"first","15":"instock","16":"shipping-taxable","17":"product-type-simple"},"acf":[],"_links":{"self":[{"href":"https:\/\/bookexperience.aralleida.cat\/es\/wp-json\/wp\/v2\/product\/1282","targetHints":{"allow":["GET"]}}],"collection":[{"href":"https:\/\/bookexperience.aralleida.cat\/es\/wp-json\/wp\/v2\/product"}],"about":[{"href":"https:\/\/bookexperience.aralleida.cat\/es\/wp-json\/wp\/v2\/types\/product"}],"replies":[{"embeddable":true,"href":"https:\/\/bookexperience.aralleida.cat\/es\/wp-json\/wp\/v2\/comments?post=1282"}],"version-history":[{"count":2,"href":"https:\/\/bookexperience.aralleida.cat\/es\/wp-json\/wp\/v2\/product\/1282\/revisions"}],"predecessor-version":[{"id":4602,"href":"https:\/\/bookexperience.aralleida.cat\/es\/wp-json\/wp\/v2\/product\/1282\/revisions\/4602"}],"wp:featuredmedia":[{"embeddable":true,"href":"https:\/\/bookexperience.aralleida.cat\/es\/wp-json\/wp\/v2\/media\/751"}],"wp:attachment":[{"href":"https:\/\/bookexperience.aralleida.cat\/es\/wp-json\/wp\/v2\/media?parent=1282"}],"wp:term":[{"taxonomy":"product_brand","embeddable":true,"href":"https:\/\/bookexperience.aralleida.cat\/es\/wp-json\/wp\/v2\/product_brand?post=1282"},{"taxonomy":"product_cat","embeddable":true,"href":"https:\/\/bookexperience.aralleida.cat\/es\/wp-json\/wp\/v2\/product_cat?post=1282"},{"taxonomy":"product_tag","embeddable":true,"href":"https:\/\/bookexperience.aralleida.cat\/es\/wp-json\/wp\/v2\/product_tag?post=1282"}],"curies":[{"name":"wp","href":"https:\/\/api.w.org\/{rel}","templated":true}]}}