{"id":1285,"date":"2020-06-18T09:13:21","date_gmt":"2020-06-18T09:13:21","guid":{"rendered":"https:\/\/bookexperience.aralleida.cat\/producte\/tren-de-los-lagos-lleida-pobla-de-segur-y-lleida\/"},"modified":"2021-12-17T09:16:36","modified_gmt":"2021-12-17T09:16:36","slug":"tren-de-los-lagos-lleida-pobla-de-segur-y-lleida","status":"publish","type":"product","link":"https:\/\/bookexperience.aralleida.cat\/es\/producte\/tren-de-los-lagos-lleida-pobla-de-segur-y-lleida\/","title":{"rendered":"Tren de los Lagos y Lleida"},"content":{"rendered":"<ul>\n<li>Precio por persona. M\u00ednimo 2 personas (consulta los precios en nuestra web).<\/li>\n<li>Toda reserva queda bajo petici\u00f3n seg\u00fan disponibilidad.<\/li>\n<li>La compra de la experiencia tiene una validez de 12 meses desde el momento de su compra.<\/li>\n<li>Todos los desplazamientos se har\u00e1n con medios propios del cliente. Esta experiencia se puede realizar \u00edntegramente en transporte p\u00fablico.<\/li>\n<\/ul>\n","protected":false},"excerpt":{"rendered":"<p data-fontsize=\"22\" data-lineheight=\"29.26px\"><strong>Un viaje inolvidable por las Tierras de Lleida hasta los lagos del Pre-Pirineo con el Tren de los Lagos. Descubre Lleida, la capital del Oeste de Catalu\u00f1a, una ciudad que se hace querer.<\/strong><\/p>\n<p data-fontsize=\"22\" data-lineheight=\"29.26px\">\n<h4 class=\"fusion-responsive-typography-calculated\" data-fontsize=\"22\" data-lineheight=\"29.26px\">El paquete incluye:<\/h4>\n<ul>\n<li>1 noche de alojamiento en habitaci\u00f3n doble con desayuno en Lleida (Hoteles de 3* o 4*).<\/li>\n<li>Viaje con el\u00a0<strong>Tren de los Lagos<\/strong>\u00a0hist\u00f3rico desde la estaci\u00f3n de trenes de Lleida.<\/li>\n<li>Comida en un restaurante de La Pobla de Segur.<\/li>\n<li>Visita guiada <strong>\u00abLleida City Tour\u00bb<\/strong> por los lugares m\u00e1s destacados de la ciudad.<\/li>\n<li>Visita guiada a la<strong> Seu Vella y Castillo del Rey.<\/strong><\/li>\n<li>Seguro b\u00e1sico de asistencia en viaje.<\/li>\n<\/ul>\n","protected":false},"featured_media":363,"comment_status":"open","ping_status":"closed","template":"","meta":{"_acf_changed":false},"product_brand":[],"product_cat":[46,50,92,52,94],"product_tag":[],"class_list":{"0":"post-1285","1":"product","2":"type-product","3":"status-publish","4":"has-post-thumbnail","6":"product_cat-cultura-es","7":"product_cat-natura-es","8":"product_cat-pallars-jussa-es","9":"product_cat-rutes-es","10":"product_cat-segria-es","12":"first","13":"instock","14":"shipping-taxable","15":"product-type-simple"},"acf":[],"_links":{"self":[{"href":"https:\/\/bookexperience.aralleida.cat\/es\/wp-json\/wp\/v2\/product\/1285","targetHints":{"allow":["GET"]}}],"collection":[{"href":"https:\/\/bookexperience.aralleida.cat\/es\/wp-json\/wp\/v2\/product"}],"about":[{"href":"https:\/\/bookexperience.aralleida.cat\/es\/wp-json\/wp\/v2\/types\/product"}],"replies":[{"embeddable":true,"href":"https:\/\/bookexperience.aralleida.cat\/es\/wp-json\/wp\/v2\/comments?post=1285"}],"version-history":[{"count":2,"href":"https:\/\/bookexperience.aralleida.cat\/es\/wp-json\/wp\/v2\/product\/1285\/revisions"}],"predecessor-version":[{"id":4295,"href":"https:\/\/bookexperience.aralleida.cat\/es\/wp-json\/wp\/v2\/product\/1285\/revisions\/4295"}],"wp:featuredmedia":[{"embeddable":true,"href":"https:\/\/bookexperience.aralleida.cat\/es\/wp-json\/wp\/v2\/media\/363"}],"wp:attachment":[{"href":"https:\/\/bookexperience.aralleida.cat\/es\/wp-json\/wp\/v2\/media?parent=1285"}],"wp:term":[{"taxonomy":"product_brand","embeddable":true,"href":"https:\/\/bookexperience.aralleida.cat\/es\/wp-json\/wp\/v2\/product_brand?post=1285"},{"taxonomy":"product_cat","embeddable":true,"href":"https:\/\/bookexperience.aralleida.cat\/es\/wp-json\/wp\/v2\/product_cat?post=1285"},{"taxonomy":"product_tag","embeddable":true,"href":"https:\/\/bookexperience.aralleida.cat\/es\/wp-json\/wp\/v2\/product_tag?post=1285"}],"curies":[{"name":"wp","href":"https:\/\/api.w.org\/{rel}","templated":true}]}}