{"id":1286,"date":"2020-06-18T09:28:12","date_gmt":"2020-06-18T09:28:12","guid":{"rendered":"https:\/\/bookexperience.aralleida.cat\/producte\/tren-de-los-lagos-balaguer-pobla-de-segur-y-centro-de-observacion-del-universo-del-montsec-2-noches-2\/"},"modified":"2021-12-17T09:07:38","modified_gmt":"2021-12-17T09:07:38","slug":"tren-de-los-lagos-balaguer-pobla-de-segur-y-centro-de-observacion-del-universo-del-montsec","status":"publish","type":"product","link":"https:\/\/bookexperience.aralleida.cat\/es\/producte\/tren-de-los-lagos-balaguer-pobla-de-segur-y-centro-de-observacion-del-universo-del-montsec\/","title":{"rendered":"Tren de los Lagos y Parque Astron\u00f3mico del Montsec"},"content":{"rendered":"<ul>\n<li>Precio por persona. M\u00ednimo 2 personas (consulta los precios en nuestra web).<\/li>\n<li>Toda reserva queda bajo petici\u00f3n seg\u00fan disponibilidad.<\/li>\n<li>La compra de la experiencia tiene una validez de 12 meses desde el momento de su compra.<\/li>\n<li>Todos los desplazamientos se har\u00e1n con medios propios del cliente.<\/li>\n<\/ul>\n","protected":false},"excerpt":{"rendered":"<p class=\"fusion-responsive-typography-calculated\" data-fontsize=\"22\" data-lineheight=\"29.26px\"><strong>Una experiencia imprescindible para los amantes del ferrocarril y la naturaleza en estado puro. <\/strong><strong>Ad\u00e9ntrate a la Sierra del Montsec, y enam\u00f3rate del mejor cielo de Catalu\u00f1a!<\/strong><\/p>\n<p data-fontsize=\"22\" data-lineheight=\"29.26px\">\n<h4 class=\"fusion-responsive-typography-calculated\" data-fontsize=\"22\" data-lineheight=\"29.26px\">El paquete incluye:<\/h4>\n<ul>\n<li>\n<div class=\"gmail_default\">2 noches de alojamiento en habitaci\u00f3n doble con desayuno al Montsec.<\/div>\n<\/li>\n<li>\n<div class=\"gmail_default\">Cena degustaci\u00f3n de productos tradicionales del Montsec.<\/div>\n<\/li>\n<li>\n<div class=\"gmail_default\">Entrada al\u00a0<strong>Parque Astron\u00f3mico del Montsec<\/strong> (\u00c0ger), \u00fanico a Europa\u00a0con tecnolog\u00eda 3D y c\u00fapula desplazable.<\/div>\n<\/li>\n<li>\n<div class=\"gmail_default\"><strong>Viaje con el Tren de los Lagos hist\u00f3rico desde la estaci\u00f3n de trenes de Balaguer.<\/strong><\/div>\n<\/li>\n<li>\n<div class=\"gmail_default\">Comida a un restaurante de La Pobla de Segur.<\/div>\n<\/li>\n<li>\n<div class=\"gmail_default\"><strong>Visita a un lugar de inter\u00e9s del territorio<\/strong>: Castillo de Montson\u00eds, Cueva de los Vilares, Monasterio de les Avellanes, Centro de Dinamizaci\u00f3n de Tartareu, Ser\u00f3 Espai Transmissor, Epicentro de Tremp o Centro de Interpretaci\u00f3n del Oro del Segre.<\/div>\n<\/li>\n<li>\n<div class=\"gmail_default\">Seguro b\u00e1sico de asistencia en viaje.<\/div>\n<\/li>\n<\/ul>\n<h4 data-fontsize=\"22\" data-lineheight=\"29.26px\"><\/h4>\n<h4 class=\"fusion-responsive-typography-calculated\" data-fontsize=\"22\" data-lineheight=\"29.26px\">Como regalo especial:<\/h4>\n<ul>\n<li>\n<div class=\"gmail_default\">Vista guiada al Castillo de Os de Balaguer y Museo de Campanas de Catalu\u00f1a.<\/div>\n<\/li>\n<li>Tiquets descuento para la agrotienda<\/li>\n<li>Obsequio de Os de Balaguer<\/li>\n<\/ul>\n<p>&nbsp;<\/p>\n","protected":false},"featured_media":377,"comment_status":"open","ping_status":"closed","template":"","meta":{"_acf_changed":false},"product_brand":[],"product_cat":[33,46,100,50,92,52],"product_tag":[],"class_list":{"0":"post-1286","1":"product","2":"type-product","3":"status-publish","4":"has-post-thumbnail","6":"product_cat-astronomia-es","7":"product_cat-cultura-es","8":"product_cat-la-noguera-es","9":"product_cat-natura-es","10":"product_cat-pallars-jussa-es","11":"product_cat-rutes-es","13":"first","14":"instock","15":"shipping-taxable","16":"product-type-simple"},"acf":[],"_links":{"self":[{"href":"https:\/\/bookexperience.aralleida.cat\/es\/wp-json\/wp\/v2\/product\/1286","targetHints":{"allow":["GET"]}}],"collection":[{"href":"https:\/\/bookexperience.aralleida.cat\/es\/wp-json\/wp\/v2\/product"}],"about":[{"href":"https:\/\/bookexperience.aralleida.cat\/es\/wp-json\/wp\/v2\/types\/product"}],"replies":[{"embeddable":true,"href":"https:\/\/bookexperience.aralleida.cat\/es\/wp-json\/wp\/v2\/comments?post=1286"}],"version-history":[{"count":3,"href":"https:\/\/bookexperience.aralleida.cat\/es\/wp-json\/wp\/v2\/product\/1286\/revisions"}],"predecessor-version":[{"id":4288,"href":"https:\/\/bookexperience.aralleida.cat\/es\/wp-json\/wp\/v2\/product\/1286\/revisions\/4288"}],"wp:featuredmedia":[{"embeddable":true,"href":"https:\/\/bookexperience.aralleida.cat\/es\/wp-json\/wp\/v2\/media\/377"}],"wp:attachment":[{"href":"https:\/\/bookexperience.aralleida.cat\/es\/wp-json\/wp\/v2\/media?parent=1286"}],"wp:term":[{"taxonomy":"product_brand","embeddable":true,"href":"https:\/\/bookexperience.aralleida.cat\/es\/wp-json\/wp\/v2\/product_brand?post=1286"},{"taxonomy":"product_cat","embeddable":true,"href":"https:\/\/bookexperience.aralleida.cat\/es\/wp-json\/wp\/v2\/product_cat?post=1286"},{"taxonomy":"product_tag","embeddable":true,"href":"https:\/\/bookexperience.aralleida.cat\/es\/wp-json\/wp\/v2\/product_tag?post=1286"}],"curies":[{"name":"wp","href":"https:\/\/api.w.org\/{rel}","templated":true}]}}