{"id":1289,"date":"2020-06-19T07:59:02","date_gmt":"2020-06-19T07:59:02","guid":{"rendered":"https:\/\/bookexperience.aralleida.cat\/producte\/tesoros-del-montsec-congost-de-montrebei-observatorio-y-museo-de-campanas-de-catalunya-o-presa-de-canelles-2\/"},"modified":"2021-12-17T08:50:39","modified_gmt":"2021-12-17T08:50:39","slug":"tesoros-del-montsec-congost-de-montrebei-observatorio-y-museo-de-campanas-de-catalunya-o-presa-de-canelles-2","status":"publish","type":"product","link":"https:\/\/bookexperience.aralleida.cat\/es\/producte\/tesoros-del-montsec-congost-de-montrebei-observatorio-y-museo-de-campanas-de-catalunya-o-presa-de-canelles-2\/","title":{"rendered":"Tesoros del Montsec &#8211; Congost de Montrebei"},"content":{"rendered":"<ul>\n<li>Precio por persona. M\u00ednimo 2 personas (consulta los precios en nuestra web).<\/li>\n<li>Toda reserva queda bajo petici\u00f3n seg\u00fan disponibilidad.<\/li>\n<li>La compra de la experiencia tiene una validez de 12 meses desde el momento de su compra.<\/li>\n<li>Todos los desplazamientos se har\u00e1n con medios propios del cliente.<\/li>\n<\/ul>\n","protected":false},"excerpt":{"rendered":"<p><strong>Fin de semana para descubrir, observar y pasear por los tesoros de la Noguera: el gran desfiladero semi-virgen, el museo de campanas de Catalunya y un Observatorio \u00fanico en el mundo.<\/strong><\/p>\n<p>&nbsp;<\/p>\n<h4 class=\"fusion-responsive-typography-calculated\" data-fontsize=\"25\" data-lineheight=\"27px\">El paquete incluye<\/h4>\n<ul>\n<li>2 noches en habitaci\u00f3n doble en alojamiento a escoger<\/li>\n<li>Entrada al\u00a0<strong>Centro de Observaci\u00f3n del Universo<\/strong>, \u00fanico en Europa con tecnolog\u00eda 3D y c\u00fapula desplazable<\/li>\n<li>Excursi\u00f3n al <strong>Congost de Montrebei (<\/strong>ida en barco y vuelta a pie)<\/li>\n<li>Cena degustaci\u00f3n de platos Km. 0 en un restaurante t\u00edpico de la zona.<\/li>\n<li><span class=\"m_-6441257866437219913gmail-short_text\" lang=\"es\"><span class=\"m_-6441257866437219913gmail-\">Seguro b\u00e1sico<\/span>\u00a0<span class=\"m_-6441257866437219913gmail-\">de asistencia<\/span>\u00a0<span class=\"m_-6441257866437219913gmail-\">en viaje<\/span><\/span>\n<div id=\":1am\" class=\"ajR\" role=\"button\" data-tooltip=\"Show trimmed content\" aria-label=\"Show trimmed content\"><img decoding=\"async\" class=\"ajT\" src=\"https:\/\/ssl.gstatic.com\/ui\/v1\/icons\/mail\/images\/cleardot.gif\" \/><\/div>\n<\/li>\n<\/ul>\n<p class=\"fusion-responsive-typography-calculated\" data-fontsize=\"22\" data-lineheight=\"29.26px\"><strong>Opci\u00f3n A (segundo d\u00eda)<\/strong><\/p>\n<ul>\n<li>Visita guiada al Castillo de Os de Balaguer y Museo de Campanas de Catalu\u00f1a<\/li>\n<li><span id=\"result_box\" class=\"\" lang=\"es\"><span class=\"\">Obsequio<\/span>\u00a0<span class=\"\">recuerdo<\/span> de Os de Balaguer y tickets descuento para la agrotienda<\/span><\/li>\n<li>Comida en un restaurante de cocina tradicional<\/li>\n<\/ul>\n<p>&nbsp;<\/p>\n<p class=\"fusion-responsive-typography-calculated\" data-fontsize=\"22\" data-lineheight=\"29.26px\"><strong>Opci\u00f3n B (segundo d\u00eda)<\/strong><\/p>\n<ul>\n<li><span id=\"result_box\" class=\"\" lang=\"es\">Visita guiada al Centro de Interpretaci\u00f3n\u00a0<span class=\"\">de la Energ\u00eda y Geolog\u00eda de la Presa de Canelles<br \/>\n<\/span><\/span><\/li>\n<li>Comida en un restaurante de cocina tradicional.<\/li>\n<\/ul>\n","protected":false},"featured_media":1288,"comment_status":"open","ping_status":"closed","template":"","meta":{"_acf_changed":false},"product_brand":[],"product_cat":[33,100,50,54,42],"product_tag":[],"class_list":{"0":"post-1289","1":"product","2":"type-product","3":"status-publish","4":"has-post-thumbnail","6":"product_cat-astronomia-es","7":"product_cat-la-noguera-es","8":"product_cat-natura-es","9":"product_cat-senderismo","10":"product_cat-turismo-activo-deporte","12":"first","13":"instock","14":"shipping-taxable","15":"product-type-simple"},"acf":[],"_links":{"self":[{"href":"https:\/\/bookexperience.aralleida.cat\/es\/wp-json\/wp\/v2\/product\/1289","targetHints":{"allow":["GET"]}}],"collection":[{"href":"https:\/\/bookexperience.aralleida.cat\/es\/wp-json\/wp\/v2\/product"}],"about":[{"href":"https:\/\/bookexperience.aralleida.cat\/es\/wp-json\/wp\/v2\/types\/product"}],"replies":[{"embeddable":true,"href":"https:\/\/bookexperience.aralleida.cat\/es\/wp-json\/wp\/v2\/comments?post=1289"}],"version-history":[{"count":2,"href":"https:\/\/bookexperience.aralleida.cat\/es\/wp-json\/wp\/v2\/product\/1289\/revisions"}],"predecessor-version":[{"id":4284,"href":"https:\/\/bookexperience.aralleida.cat\/es\/wp-json\/wp\/v2\/product\/1289\/revisions\/4284"}],"wp:featuredmedia":[{"embeddable":true,"href":"https:\/\/bookexperience.aralleida.cat\/es\/wp-json\/wp\/v2\/media\/1288"}],"wp:attachment":[{"href":"https:\/\/bookexperience.aralleida.cat\/es\/wp-json\/wp\/v2\/media?parent=1289"}],"wp:term":[{"taxonomy":"product_brand","embeddable":true,"href":"https:\/\/bookexperience.aralleida.cat\/es\/wp-json\/wp\/v2\/product_brand?post=1289"},{"taxonomy":"product_cat","embeddable":true,"href":"https:\/\/bookexperience.aralleida.cat\/es\/wp-json\/wp\/v2\/product_cat?post=1289"},{"taxonomy":"product_tag","embeddable":true,"href":"https:\/\/bookexperience.aralleida.cat\/es\/wp-json\/wp\/v2\/product_tag?post=1289"}],"curies":[{"name":"wp","href":"https:\/\/api.w.org\/{rel}","templated":true}]}}