{"id":1518,"date":"2020-07-20T11:07:02","date_gmt":"2020-07-20T11:07:02","guid":{"rendered":"https:\/\/bookexperience.aralleida.cat\/producte\/la-selva-del-oso-en-busqueda-de-su-rastro\/"},"modified":"2021-12-15T14:54:21","modified_gmt":"2021-12-15T14:54:21","slug":"la-selva-del-oso-en-busqueda-de-su-rastro","status":"publish","type":"product","link":"https:\/\/bookexperience.aralleida.cat\/es\/producte\/la-selva-del-oso-en-busqueda-de-su-rastro\/","title":{"rendered":"La selva del Oso, en b\u00fasqueda de su rastro."},"content":{"rendered":"<h4>Precio:<\/h4>\n<p>130\u20ac por persona.<\/p>\n<p>&nbsp;<\/p>\n","protected":false},"excerpt":{"rendered":"<p>Divertida escapada en familia donde jugaremos y exploraremos con el fin de reconocer los rastros del Oso paseando por un sendero. Visitaremos el museo del Oso, nos explicaran\u00a0 lo m\u00e1s interesante sobre este animal y nos pondremos en la piel de aut\u00e9nticos investigadores, utilizando lupas y prism\u00e1ticos, para interpretar la importancia del Oso Pardo en el ecosistema y la cultura Pallaresa.<\/p>\n<p>&nbsp;<\/p>\n<h4>Incluye:<\/h4>\n<ul>\n<li>3 noches de alojamiento.<\/li>\n<li>Desayuno.<\/li>\n<li>Salida con gu\u00eda titulado para buscar el rastro del oso.<\/li>\n<li>Entrada al Museo del\u00a0 Oso de Isil<\/li>\n<li>Charla para conocer m\u00e1s en profundidad el Oso Pardo.<\/li>\n<li>Atenci\u00f3n personalizada.<\/li>\n<li>Seguro b\u00e1sico.<\/li>\n<\/ul>\n","protected":false},"featured_media":1512,"comment_status":"open","ping_status":"closed","template":"","meta":{"_acf_changed":false},"product_brand":[],"product_cat":[50,104,52,54,40],"product_tag":[],"class_list":{"0":"post-1518","1":"product","2":"type-product","3":"status-publish","4":"has-post-thumbnail","6":"product_cat-natura-es","7":"product_cat-pallars-sobira-es","8":"product_cat-rutes-es","9":"product_cat-senderismo","10":"product_cat-turismo-familiar","12":"first","13":"instock","14":"shipping-taxable","15":"product-type-simple"},"acf":[],"_links":{"self":[{"href":"https:\/\/bookexperience.aralleida.cat\/es\/wp-json\/wp\/v2\/product\/1518","targetHints":{"allow":["GET"]}}],"collection":[{"href":"https:\/\/bookexperience.aralleida.cat\/es\/wp-json\/wp\/v2\/product"}],"about":[{"href":"https:\/\/bookexperience.aralleida.cat\/es\/wp-json\/wp\/v2\/types\/product"}],"replies":[{"embeddable":true,"href":"https:\/\/bookexperience.aralleida.cat\/es\/wp-json\/wp\/v2\/comments?post=1518"}],"version-history":[{"count":1,"href":"https:\/\/bookexperience.aralleida.cat\/es\/wp-json\/wp\/v2\/product\/1518\/revisions"}],"predecessor-version":[{"id":4198,"href":"https:\/\/bookexperience.aralleida.cat\/es\/wp-json\/wp\/v2\/product\/1518\/revisions\/4198"}],"wp:featuredmedia":[{"embeddable":true,"href":"https:\/\/bookexperience.aralleida.cat\/es\/wp-json\/wp\/v2\/media\/1512"}],"wp:attachment":[{"href":"https:\/\/bookexperience.aralleida.cat\/es\/wp-json\/wp\/v2\/media?parent=1518"}],"wp:term":[{"taxonomy":"product_brand","embeddable":true,"href":"https:\/\/bookexperience.aralleida.cat\/es\/wp-json\/wp\/v2\/product_brand?post=1518"},{"taxonomy":"product_cat","embeddable":true,"href":"https:\/\/bookexperience.aralleida.cat\/es\/wp-json\/wp\/v2\/product_cat?post=1518"},{"taxonomy":"product_tag","embeddable":true,"href":"https:\/\/bookexperience.aralleida.cat\/es\/wp-json\/wp\/v2\/product_tag?post=1518"}],"curies":[{"name":"wp","href":"https:\/\/api.w.org\/{rel}","templated":true}]}}