{"id":1535,"date":"2020-07-21T09:16:19","date_gmt":"2020-07-21T09:16:19","guid":{"rendered":"https:\/\/bookexperience.aralleida.cat\/producte\/arte-rupestre-y-estrellas\/"},"modified":"2021-12-17T08:06:10","modified_gmt":"2021-12-17T08:06:10","slug":"arte-rupestre-y-estrellas","status":"publish","type":"product","link":"https:\/\/bookexperience.aralleida.cat\/es\/producte\/arte-rupestre-y-estrellas\/","title":{"rendered":"Arte rupestre y estrellas"},"content":{"rendered":"<ul>\n<li>Precio por persona. M\u00ednimo 2 personas (consulta los precios en nuestra web).<\/li>\n<li>Toda reserva queda bajo petici\u00f3n seg\u00fan disponibilidad.<\/li>\n<li>La compra de la experiencia tiene una validez de 12 meses desde el momento de su compra.<\/li>\n<li>Todos los desplazamientos se har\u00e1n con medios propios del cliente.<\/li>\n<\/ul>\n","protected":false},"excerpt":{"rendered":"<p>Descubre un Centro de Interpretaci\u00f3n de pinturas rupestres y dos conjuntos de pinturas declaradas Patrimonio Mundial por la UNESCO. Y disfruta de las estrellas, en el Centro de Observaci\u00f3n del Universo, observatorio con tecnolog\u00eda 3D \u00fanico en Europa.<\/p>\n<p>&nbsp;<\/p>\n<h4>El paquete incluye<\/h4>\n<ul>\n<li>1 noche de alojamiento en habitaci\u00f3n doble con desayuno en el Montsec.<\/li>\n<li>Visita al <strong>Centro de Interpretaci\u00f3n del Conjunto rupestre de La Roca de los Moros del Cogul<\/strong>, uno de los yacimientos de pinturas rupestres m\u00e1s destacados de arte rupestre levantino.<\/li>\n<li>Visita nocturna al <strong>Centro de Observaci\u00f3n del Universo del Montsec<\/strong> (\u00c0ger), \u00fanico en Europa con tecnolog\u00eda 3D y c\u00fapula desplazable.<\/li>\n<li>Visita guiada a la <strong>Balma de los Vilars<\/strong> de Os de Balaguer, con 28 rastros de la Edad de Bronce.<\/li>\n<li>Visita guiada al <strong>Castillo Os Malignum Castrum de Os de Balaguer y Museo de Campanas de Catalu\u00f1a<\/strong>, donde si se aprueba un peque\u00f1o examen musical se puede obtener el carn\u00e9 de Tocacampanes de Catalu\u00f1a.<\/li>\n<li>Cena de men\u00fa de platos t\u00edpicos del Montsec.<\/li>\n<li>Seguro b\u00e1sico de asistencia en viaje.<\/li>\n<\/ul>\n","protected":false},"featured_media":1398,"comment_status":"open","ping_status":"closed","template":"","meta":{"_acf_changed":false},"product_brand":[],"product_cat":[33,46,103,100,50],"product_tag":[],"class_list":{"0":"post-1535","1":"product","2":"type-product","3":"status-publish","4":"has-post-thumbnail","6":"product_cat-astronomia-es","7":"product_cat-cultura-es","8":"product_cat-garrigues-es","9":"product_cat-la-noguera-es","10":"product_cat-natura-es","12":"first","13":"instock","14":"shipping-taxable","15":"product-type-simple"},"acf":[],"_links":{"self":[{"href":"https:\/\/bookexperience.aralleida.cat\/es\/wp-json\/wp\/v2\/product\/1535","targetHints":{"allow":["GET"]}}],"collection":[{"href":"https:\/\/bookexperience.aralleida.cat\/es\/wp-json\/wp\/v2\/product"}],"about":[{"href":"https:\/\/bookexperience.aralleida.cat\/es\/wp-json\/wp\/v2\/types\/product"}],"replies":[{"embeddable":true,"href":"https:\/\/bookexperience.aralleida.cat\/es\/wp-json\/wp\/v2\/comments?post=1535"}],"version-history":[{"count":3,"href":"https:\/\/bookexperience.aralleida.cat\/es\/wp-json\/wp\/v2\/product\/1535\/revisions"}],"predecessor-version":[{"id":4253,"href":"https:\/\/bookexperience.aralleida.cat\/es\/wp-json\/wp\/v2\/product\/1535\/revisions\/4253"}],"wp:featuredmedia":[{"embeddable":true,"href":"https:\/\/bookexperience.aralleida.cat\/es\/wp-json\/wp\/v2\/media\/1398"}],"wp:attachment":[{"href":"https:\/\/bookexperience.aralleida.cat\/es\/wp-json\/wp\/v2\/media?parent=1535"}],"wp:term":[{"taxonomy":"product_brand","embeddable":true,"href":"https:\/\/bookexperience.aralleida.cat\/es\/wp-json\/wp\/v2\/product_brand?post=1535"},{"taxonomy":"product_cat","embeddable":true,"href":"https:\/\/bookexperience.aralleida.cat\/es\/wp-json\/wp\/v2\/product_cat?post=1535"},{"taxonomy":"product_tag","embeddable":true,"href":"https:\/\/bookexperience.aralleida.cat\/es\/wp-json\/wp\/v2\/product_tag?post=1535"}],"curies":[{"name":"wp","href":"https:\/\/api.w.org\/{rel}","templated":true}]}}