{"id":1585,"date":"2020-07-23T09:27:20","date_gmt":"2020-07-23T09:27:20","guid":{"rendered":"https:\/\/bookexperience.aralleida.cat\/producte\/aventura-btt-era-roda-classic-4-dias-valle-de-aran\/"},"modified":"2021-12-17T10:12:10","modified_gmt":"2021-12-17T10:12:10","slug":"aventura-btt-era-roda-classic-4-dias-valle-de-aran","status":"publish","type":"product","link":"https:\/\/bookexperience.aralleida.cat\/es\/producte\/aventura-btt-era-roda-classic-4-dias-valle-de-aran\/","title":{"rendered":"AVENTURA BTT &#8211; ERA RODA CLASSIC 4 dias &#8211; VALLE DE ARAN"},"content":{"rendered":"<h4>Precio:<\/h4>\n<p>Paquete 4 noches \/ 4 etapas = 440 \u20ac por persona<\/p>\n<p>&nbsp;<\/p>\n","protected":false},"excerpt":{"rendered":"<p class=\"sc_title sc_title_regular sc_align_center\">Las mejores <strong>rutas BTT<\/strong> en el <strong>Valle de Aran y el Pallars<\/strong><br \/>\nERA RUEDA son rutas tem\u00e1ticas en BTT por las zonas m\u00e1s inh\u00f3spitas y emblem\u00e1ticas del Valle de Aran y el Pallars.<br \/>\n10 rutas. 10 retos por los Pirineos m\u00e1s aut\u00e9nticos, h\u00famedos y atl\u00e1nticos.<br \/>\nNo lo dudes, si te gusta la naturaleza y la aventura, disfruta haciendo bicicleta de monta\u00f1a en los lugares m\u00e1s salvajes y en estado puro.<\/p>\n<p>&nbsp;<\/p>\n<h4>Incluye:<\/h4>\n<ul>\n<li>Forfait ERA.RODA<\/li>\n<li>Creaci\u00f3n de la Ruta a medida basado en formatos ya muy completos<\/li>\n<li>Gesti\u00f3n de presupuestos, reservas de alojamientos, restaurantes, alquiler de bicis y atenci\u00f3n 24 hrs.<\/li>\n<li>Maillot o camiseta o manguitos de FINISHER<\/li>\n<li>Tracks en GPX, TKR \u00f3 KLM y Mapa para anotar durante el extensivo breafing<\/li>\n<li>Bolsa del Biker que incluye: Taza de T\u00e9 EraRoda, Pastillas Mayra Pharma (Cart\u00edlago Tibur\u00f3n, Jengibre y vitamina C, Quozema Q10 energ\u00eda &amp; sistema inmunol\u00f3gico), adhesivos, pinos y otras &#8230;<\/li>\n<li>Alojamiento ERA.RODA PHILOSOPHY \u00a0en Media Pensi\u00f3n (cena y desayuno) durante el recorrido.<\/li>\n<li>Seguro de accidentes de BTT y de viaje obligatorio por ley<\/li>\n<li>Transporte de maletas, para que t\u00fa s\u00f3lo tengas que preocuparte de pedalear<\/li>\n<li>Mucha pasi\u00f3n y compromiso!<\/li>\n<\/ul>\n<p>&nbsp;<\/p>\n<h4>No incluye (pudi\u00e9ndose incluir)<\/h4>\n<ul>\n<li>Remontes en Furgoneta 4\u00d74 con 8 plazas y remolque bikes<\/li>\n<li>Gu\u00eda mec\u00e1nico durante la Ruta<\/li>\n<li>Alquiler de GPS con los tracks y manual de instrucciones o breafing<\/li>\n<li>Compra de camiseta ERA.RODA, manguitos, perneras, otros.<\/li>\n<li>Reparaci\u00f3n y taller, piezas recambio o material complementario como Gore-bike, pastillas, etc.<\/li>\n<li>Masajes, sesi\u00f3n de Balneario, fisioterapeuta, vuelo panor\u00e1mico en helic\u00f3ptero, avioneta, rafting, visita de fauna, VansTour 4 \u00d7 4 (cultura, naturaleza, pueblos),<\/li>\n<li>Y m\u00e1s con <a href=\"http:\/\/www.excitingevents.es\">www.excitingevents.es<\/a>. \u00a0\u00a0Pic-Nic o avituallamiento con mesas, termos, pasta lunch a medida.<\/li>\n<\/ul>\n","protected":false},"featured_media":1550,"comment_status":"open","ping_status":"closed","template":"","meta":{"_acf_changed":false},"product_brand":[],"product_cat":[50,52,42,40,102],"product_tag":[],"class_list":{"0":"post-1585","1":"product","2":"type-product","3":"status-publish","4":"has-post-thumbnail","6":"product_cat-natura-es","7":"product_cat-rutes-es","8":"product_cat-turismo-activo-deporte","9":"product_cat-turismo-familiar","10":"product_cat-val-daran-es","12":"first","13":"instock","14":"shipping-taxable","15":"product-type-simple"},"acf":[],"_links":{"self":[{"href":"https:\/\/bookexperience.aralleida.cat\/es\/wp-json\/wp\/v2\/product\/1585","targetHints":{"allow":["GET"]}}],"collection":[{"href":"https:\/\/bookexperience.aralleida.cat\/es\/wp-json\/wp\/v2\/product"}],"about":[{"href":"https:\/\/bookexperience.aralleida.cat\/es\/wp-json\/wp\/v2\/types\/product"}],"replies":[{"embeddable":true,"href":"https:\/\/bookexperience.aralleida.cat\/es\/wp-json\/wp\/v2\/comments?post=1585"}],"version-history":[{"count":4,"href":"https:\/\/bookexperience.aralleida.cat\/es\/wp-json\/wp\/v2\/product\/1585\/revisions"}],"predecessor-version":[{"id":4328,"href":"https:\/\/bookexperience.aralleida.cat\/es\/wp-json\/wp\/v2\/product\/1585\/revisions\/4328"}],"wp:featuredmedia":[{"embeddable":true,"href":"https:\/\/bookexperience.aralleida.cat\/es\/wp-json\/wp\/v2\/media\/1550"}],"wp:attachment":[{"href":"https:\/\/bookexperience.aralleida.cat\/es\/wp-json\/wp\/v2\/media?parent=1585"}],"wp:term":[{"taxonomy":"product_brand","embeddable":true,"href":"https:\/\/bookexperience.aralleida.cat\/es\/wp-json\/wp\/v2\/product_brand?post=1585"},{"taxonomy":"product_cat","embeddable":true,"href":"https:\/\/bookexperience.aralleida.cat\/es\/wp-json\/wp\/v2\/product_cat?post=1585"},{"taxonomy":"product_tag","embeddable":true,"href":"https:\/\/bookexperience.aralleida.cat\/es\/wp-json\/wp\/v2\/product_tag?post=1585"}],"curies":[{"name":"wp","href":"https:\/\/api.w.org\/{rel}","templated":true}]}}