{"id":1902,"date":"2020-08-24T10:17:42","date_gmt":"2020-08-24T10:17:42","guid":{"rendered":"https:\/\/bookexperience.aralleida.cat\/producte\/cervera-cultura\/"},"modified":"2021-12-17T09:35:08","modified_gmt":"2021-12-17T09:35:08","slug":"cervera-cultura","status":"publish","type":"product","link":"https:\/\/bookexperience.aralleida.cat\/es\/producte\/cervera-cultura\/","title":{"rendered":"Cervera cultura"},"content":{"rendered":"<ul>\n<li>Precio por persona. M\u00ednimo 2 personas (consulta los precios en nuestra web).<\/li>\n<li>Toda reserva queda bajo petici\u00f3n seg\u00fan disponibilidad.<\/li>\n<li>La compra de la experiencia tiene una validez de 12 meses desde el momento de su compra.<\/li>\n<li>Todos los desplazamientos se har\u00e1n con medios propios del cliente.<\/li>\n<\/ul>\n","protected":false},"excerpt":{"rendered":"<p><strong>Disfruta del arte y la cultura de la capital de la Segarra, Cervera.<\/strong><\/p>\n<p>&nbsp;<\/p>\n<h4>El paquete incluye<\/h4>\n<ul>\n<li>1 noche de alojamiento con desayuno a elegir en Cervera<\/li>\n<li><strong>Visita guiada Casa Duran y Sanpere.<\/strong> Un espacio que traslada al visitante en la Catalu\u00f1a hace m\u00e1s de un siglo y permite imaginar c\u00f3mo se relacionaban los miembros de la familia entre ellos y con otras personas, as\u00ed como intuir los valores y los modos que reg\u00edan sus acciones diarias.<\/li>\n<li><strong>Visita al Espacio expositivo \u00abI&#8217;M 93\u00bb en el Museo Comarcal de Cervera<\/strong>. Una exposici\u00f3n dedicada al pilotos cerverinos Marc M\u00e1rquez, actual campe\u00f3n del mundo de Moto GP y \u00c0lex M\u00e1rquez, actual campe\u00f3n de Moto3.<\/li>\n<li>Visita guiada a la <strong>Universidad de Cervera<\/strong>, una de las obras de arquitectura civil catalana m\u00e1s grandes de todo el siglo XVIII., y la <strong>Iglesia de Santa Mar\u00eda<\/strong>.<br \/>\nCena en un restaurante de Cervera.<\/li>\n<li>Seguro b\u00e1sico de asistencia en viaje.<\/li>\n<\/ul>\n","protected":false},"featured_media":1897,"comment_status":"open","ping_status":"closed","template":"","meta":{"_acf_changed":false},"product_brand":[],"product_cat":[46,101],"product_tag":[],"class_list":{"0":"post-1902","1":"product","2":"type-product","3":"status-publish","4":"has-post-thumbnail","6":"product_cat-cultura-es","7":"product_cat-segarra-es","9":"first","10":"instock","11":"shipping-taxable","12":"product-type-simple"},"acf":[],"_links":{"self":[{"href":"https:\/\/bookexperience.aralleida.cat\/es\/wp-json\/wp\/v2\/product\/1902","targetHints":{"allow":["GET"]}}],"collection":[{"href":"https:\/\/bookexperience.aralleida.cat\/es\/wp-json\/wp\/v2\/product"}],"about":[{"href":"https:\/\/bookexperience.aralleida.cat\/es\/wp-json\/wp\/v2\/types\/product"}],"replies":[{"embeddable":true,"href":"https:\/\/bookexperience.aralleida.cat\/es\/wp-json\/wp\/v2\/comments?post=1902"}],"version-history":[{"count":1,"href":"https:\/\/bookexperience.aralleida.cat\/es\/wp-json\/wp\/v2\/product\/1902\/revisions"}],"predecessor-version":[{"id":4306,"href":"https:\/\/bookexperience.aralleida.cat\/es\/wp-json\/wp\/v2\/product\/1902\/revisions\/4306"}],"wp:featuredmedia":[{"embeddable":true,"href":"https:\/\/bookexperience.aralleida.cat\/es\/wp-json\/wp\/v2\/media\/1897"}],"wp:attachment":[{"href":"https:\/\/bookexperience.aralleida.cat\/es\/wp-json\/wp\/v2\/media?parent=1902"}],"wp:term":[{"taxonomy":"product_brand","embeddable":true,"href":"https:\/\/bookexperience.aralleida.cat\/es\/wp-json\/wp\/v2\/product_brand?post=1902"},{"taxonomy":"product_cat","embeddable":true,"href":"https:\/\/bookexperience.aralleida.cat\/es\/wp-json\/wp\/v2\/product_cat?post=1902"},{"taxonomy":"product_tag","embeddable":true,"href":"https:\/\/bookexperience.aralleida.cat\/es\/wp-json\/wp\/v2\/product_tag?post=1902"}],"curies":[{"name":"wp","href":"https:\/\/api.w.org\/{rel}","templated":true}]}}