{"id":1995,"date":"2020-09-18T09:34:18","date_gmt":"2020-09-18T09:34:18","guid":{"rendered":"https:\/\/bookexperience.aralleida.cat\/producte\/ruta-en-coche-por-los-mejores-castillos-de-la-ruta-castells-de-lleida\/"},"modified":"2021-12-09T11:44:30","modified_gmt":"2021-12-09T11:44:30","slug":"ruta-en-coche-por-los-mejores-castillos-de-la-ruta-castells-de-lleida","status":"publish","type":"product","link":"https:\/\/bookexperience.aralleida.cat\/es\/producte\/ruta-en-coche-por-los-mejores-castillos-de-la-ruta-castells-de-lleida\/","title":{"rendered":"RUTA EN COCHE POR LOS MEJORES CASTILLOS DE LA RUTA CASTELLS DE LLEIDA"},"content":{"rendered":"<p>El precio es de 148,50 \u20ac por persona.<\/p>\n","protected":false},"excerpt":{"rendered":"<p>Esta ruta de castillos te llevar\u00e1, con vuestros propios veh\u00edculos y acompa\u00f1ados por un gu\u00eda, a ver y conocer la zona. Durante la escapada disfrutar\u00e1s de las sensaciones muy diferentes que ofrecen los castillos, transport\u00e1ndote al pasado y adentr\u00e1ndote en la historia de sus paredes.<\/p>\n<p>&nbsp;<\/p>\n<h3>Incluye:<\/h3>\n<ul>\n<li>Estancia de 1 noche en habitaci\u00f3n doble en Montson\u00eds, con servicio de cena y desayuno en \u00abla Botiga\u00bb de Montson\u00eds.<\/li>\n<li>Visita teatralizada nocturna al <strong>Castillo de Montson\u00eds.<\/strong><\/li>\n<li>Visita guiada a los interiores de los <strong>Castillos de Montclar, Florejacs, y les Sitges<\/strong>.<\/li>\n<li>Visita a <strong>Castellnou d&#8217;Oss\u00f3<\/strong>. Visita a la torre romana y el castillo nuevo.<\/li>\n<li>Visita al pueblo y castillo de <strong>Concabella<\/strong> y visita al <strong>Centro de Interpretaci\u00f3n de los Castillos del Si\u00f3<\/strong><\/li>\n<li>Comida en la zona.<\/li>\n<\/ul>\n","protected":false},"featured_media":1982,"comment_status":"open","ping_status":"closed","template":"","meta":{"_acf_changed":false},"product_brand":[],"product_cat":[32,46,100,52,101,40,98],"product_tag":[],"class_list":{"0":"post-1995","1":"product","2":"type-product","3":"status-publish","4":"has-post-thumbnail","6":"product_cat-actividad","7":"product_cat-cultura-es","8":"product_cat-la-noguera-es","9":"product_cat-rutes-es","10":"product_cat-segarra-es","11":"product_cat-turismo-familiar","12":"product_cat-lurgell-es","14":"first","15":"instock","16":"shipping-taxable","17":"product-type-simple"},"acf":[],"_links":{"self":[{"href":"https:\/\/bookexperience.aralleida.cat\/es\/wp-json\/wp\/v2\/product\/1995","targetHints":{"allow":["GET"]}}],"collection":[{"href":"https:\/\/bookexperience.aralleida.cat\/es\/wp-json\/wp\/v2\/product"}],"about":[{"href":"https:\/\/bookexperience.aralleida.cat\/es\/wp-json\/wp\/v2\/types\/product"}],"replies":[{"embeddable":true,"href":"https:\/\/bookexperience.aralleida.cat\/es\/wp-json\/wp\/v2\/comments?post=1995"}],"version-history":[{"count":2,"href":"https:\/\/bookexperience.aralleida.cat\/es\/wp-json\/wp\/v2\/product\/1995\/revisions"}],"predecessor-version":[{"id":3675,"href":"https:\/\/bookexperience.aralleida.cat\/es\/wp-json\/wp\/v2\/product\/1995\/revisions\/3675"}],"wp:featuredmedia":[{"embeddable":true,"href":"https:\/\/bookexperience.aralleida.cat\/es\/wp-json\/wp\/v2\/media\/1982"}],"wp:attachment":[{"href":"https:\/\/bookexperience.aralleida.cat\/es\/wp-json\/wp\/v2\/media?parent=1995"}],"wp:term":[{"taxonomy":"product_brand","embeddable":true,"href":"https:\/\/bookexperience.aralleida.cat\/es\/wp-json\/wp\/v2\/product_brand?post=1995"},{"taxonomy":"product_cat","embeddable":true,"href":"https:\/\/bookexperience.aralleida.cat\/es\/wp-json\/wp\/v2\/product_cat?post=1995"},{"taxonomy":"product_tag","embeddable":true,"href":"https:\/\/bookexperience.aralleida.cat\/es\/wp-json\/wp\/v2\/product_tag?post=1995"}],"curies":[{"name":"wp","href":"https:\/\/api.w.org\/{rel}","templated":true}]}}