{"id":3679,"date":"2020-07-17T17:29:15","date_gmt":"2020-07-17T17:29:15","guid":{"rendered":"https:\/\/bookexperience.aralleida.cat\/producte\/misterio-de-artur-miravet\/"},"modified":"2021-12-17T08:38:51","modified_gmt":"2021-12-17T08:38:51","slug":"misterio-de-artur-miravet","status":"publish","type":"product","link":"https:\/\/bookexperience.aralleida.cat\/es\/producte\/misterio-de-artur-miravet\/","title":{"rendered":"MISTERIO DE ARTUR MIRAVET"},"content":{"rendered":"<h4>Precios:<\/h4>\n<div>\n<p><strong>De 12 a 14 personas:<\/strong> 46\u20ac por persona<br \/>\n<strong>De 15 a 19 personas:<\/strong> 42\u20ac por persona<br \/>\n<strong>De 20 a 24 personas:<\/strong> 39\u20ac por persona<\/p>\n<\/div>\n<div><\/div>\n<div>Incluye juego de rol y comida (comida o cena)<\/div>\n","protected":false},"excerpt":{"rendered":"<h4>Juego de rol en vivo<\/h4>\n<div>\n<div class=\"traductor-textarea form-group\">\n<div class=\"textarea-desti col-xs-12 col-sm-6\">\n<div class=\"form-control second-textarea\">\n<p>\u00abUn empresario invita a un grupo de amigos y familiares a una fiesta en su mansi\u00f3n para hacerlos part\u00edcipes de una noticia de gran importancia para \u00e9l. En el transcurso de la velada, sucede algo inesperado y misterioso\u2026 \u00bfPodr\u00e1n los jugadores descubrir el Misterio de Artur Miravet?\u00bb<\/p>\n<p><strong>El Misterio de Artur Miravet es un juego tipo Cluedo <\/strong>en vivo, en el que los jugadores tendr\u00e1n que interactuar entre ellos para resolver un enigma que se les presentar\u00e1 durante la velada. Para lograrlo tendr\u00e1n que encontrar y descifrar pistas, resolver pruebas de ingenio y extraer conclusiones. Una serie de tareas que los mantendr\u00e1 en alerta hasta el \u00faltimo momento.<\/p>\n<p>Una vez acabada el juego os espera la<strong> comida o cena en \u00abla Botiga\u00bb de Montson\u00eds.<\/strong><\/p>\n<p>Es un juego ideal para hacer\u00a0Team\u00a0Building\u00a0y fomentar el compa\u00f1erismo y el trabajo en equipo, o para hacer una celebraci\u00f3n divertida con un grupo grande de amigos o familiares.<br \/>\n<strong>Este juego se hace en una sala habilitada dentro del pueblo medieval de\u00a0Montson\u00eds.<\/strong> Hay la posibilidad de adaptarlo en otros espacios que puedan ofrecer los clientes, siempre que cumplan ciertos requisitos m\u00ednimos (a consultar).<br \/>\nPodr\u00e1n completar la jornada con una visita guiada al Castillo de Montson\u00eds, una cata de vinos, etc.<\/p>\n<\/div>\n<\/div>\n<\/div>\n<div class=\"traductor-checkbox form-group\">\n<div class=\"row\">\n<div class=\"col-sm-5\"><\/div>\n<\/div>\n<\/div>\n<\/div>\n<div><\/div>\n","protected":false},"featured_media":1489,"comment_status":"open","ping_status":"closed","template":"","meta":{"_acf_changed":false},"product_brand":[],"product_cat":[46,48,68,100],"product_tag":[],"class_list":{"0":"post-3679","1":"product","2":"type-product","3":"status-publish","4":"has-post-thumbnail","6":"product_cat-cultura-es","7":"product_cat-gastronomia-es","8":"product_cat-grupos","9":"product_cat-la-noguera-es","11":"first","12":"instock","13":"shipping-taxable","14":"product-type-simple"},"acf":[],"_links":{"self":[{"href":"https:\/\/bookexperience.aralleida.cat\/es\/wp-json\/wp\/v2\/product\/3679","targetHints":{"allow":["GET"]}}],"collection":[{"href":"https:\/\/bookexperience.aralleida.cat\/es\/wp-json\/wp\/v2\/product"}],"about":[{"href":"https:\/\/bookexperience.aralleida.cat\/es\/wp-json\/wp\/v2\/types\/product"}],"replies":[{"embeddable":true,"href":"https:\/\/bookexperience.aralleida.cat\/es\/wp-json\/wp\/v2\/comments?post=3679"}],"version-history":[{"count":1,"href":"https:\/\/bookexperience.aralleida.cat\/es\/wp-json\/wp\/v2\/product\/3679\/revisions"}],"predecessor-version":[{"id":4275,"href":"https:\/\/bookexperience.aralleida.cat\/es\/wp-json\/wp\/v2\/product\/3679\/revisions\/4275"}],"wp:featuredmedia":[{"embeddable":true,"href":"https:\/\/bookexperience.aralleida.cat\/es\/wp-json\/wp\/v2\/media\/1489"}],"wp:attachment":[{"href":"https:\/\/bookexperience.aralleida.cat\/es\/wp-json\/wp\/v2\/media?parent=3679"}],"wp:term":[{"taxonomy":"product_brand","embeddable":true,"href":"https:\/\/bookexperience.aralleida.cat\/es\/wp-json\/wp\/v2\/product_brand?post=3679"},{"taxonomy":"product_cat","embeddable":true,"href":"https:\/\/bookexperience.aralleida.cat\/es\/wp-json\/wp\/v2\/product_cat?post=3679"},{"taxonomy":"product_tag","embeddable":true,"href":"https:\/\/bookexperience.aralleida.cat\/es\/wp-json\/wp\/v2\/product_tag?post=3679"}],"curies":[{"name":"wp","href":"https:\/\/api.w.org\/{rel}","templated":true}]}}