{"id":3682,"date":"2020-07-17T17:22:29","date_gmt":"2020-07-17T17:22:29","guid":{"rendered":"https:\/\/bookexperience.aralleida.cat\/producte\/visita-teatralizada-al-castillo-de-montsonis-y-estancia-de-una-noche-2\/"},"modified":"2021-12-17T08:39:35","modified_gmt":"2021-12-17T08:39:35","slug":"visita-teatralizada-al-castillo-de-montsonis-y-estancia-de-una-noche-2","status":"publish","type":"product","link":"https:\/\/bookexperience.aralleida.cat\/es\/producte\/visita-teatralizada-al-castillo-de-montsonis-y-estancia-de-una-noche-2\/","title":{"rendered":"VISITA TEATRALIZADA AL CASTILLO DE MONTSON\u00cdS Y ESTANCIA DE UNA NOCHE"},"content":{"rendered":"<h3>Precio:<\/h3>\n<p>Desde <strong>47\u20ac por persona<\/strong><\/p>\n<p>&nbsp;<\/p>\n<p>Posibilidad de a\u00f1adir una cena degustaci\u00f3n en \u00abla Botiga\u00bb: <strong>28\u20ac por persona<\/strong><\/p>\n<p>P\u00fablico al que va dirigida: Grandes y peque\u00f1os<\/p>\n","protected":false},"excerpt":{"rendered":"<div class=\"commodity-description\">\n<div class=\"traductor-textarea form-group\">\n<div class=\"textarea-desti col-xs-12 col-sm-6\">\n<div class=\"form-control second-textarea\">\n<p>Estancia de una noche en habitaci\u00f3n doble y desayuno en Montson\u00eds Medieval y visita teatralizada al Castillo de Montson\u00eds.<\/p>\n<p><strong>Diferentes personajes vestidos c\u00f3mo en el siglo XII explican las variadas facetas de la vida en el castillo<\/strong>. Todo, combinando la visita con el uso de antorchas y otros sistemas de iluminaci\u00f3n, y a trav\u00e9s de un hilo conductor alrededor de los tiempos curvas que se viv\u00edan en estas tierras de frontera durante la reconquista, con las luchas entre \u00e1rabes y cristianos.<\/p>\n<p>Los visitantes no son solo espectadores sino que desde el inicio de la visita teatralizada, ya <strong>se sienten implicados y participan en la misma.<\/strong><\/p>\n<p>&nbsp;<\/p>\n<h4>Incluye:<\/h4>\n<\/div>\n<ul>\n<li class=\"form-control second-textarea\">Estancia en habitaci\u00f3n doble 1 noche en <strong>Montson\u00eds Medieval<\/strong><\/li>\n<li class=\"form-control second-textarea\">Almuerzo en \u00abla Botiga\u00bb de Montson\u00eds<\/li>\n<li class=\"form-control second-textarea\"><strong>Visita teatralizada nocturna en el Castillo de Montson\u00eds<\/strong>\u00a0(duraci\u00f3n de la visita:\u00a01h\u00a030min\u00a0&#8211;\u00a02h.)<\/li>\n<\/ul>\n<\/div>\n<\/div>\n<div class=\"traductor-checkbox form-group\">\n<div class=\"row\">\n<div class=\"col-sm-5\"><\/div>\n<\/div>\n<\/div>\n<\/div>\n","protected":false},"featured_media":1476,"comment_status":"open","ping_status":"closed","template":"","meta":{"_acf_changed":false},"product_brand":[],"product_cat":[46,100,40],"product_tag":[],"class_list":{"0":"post-3682","1":"product","2":"type-product","3":"status-publish","4":"has-post-thumbnail","6":"product_cat-cultura-es","7":"product_cat-la-noguera-es","8":"product_cat-turismo-familiar","10":"first","11":"instock","12":"shipping-taxable","13":"product-type-simple"},"acf":[],"_links":{"self":[{"href":"https:\/\/bookexperience.aralleida.cat\/es\/wp-json\/wp\/v2\/product\/3682","targetHints":{"allow":["GET"]}}],"collection":[{"href":"https:\/\/bookexperience.aralleida.cat\/es\/wp-json\/wp\/v2\/product"}],"about":[{"href":"https:\/\/bookexperience.aralleida.cat\/es\/wp-json\/wp\/v2\/types\/product"}],"replies":[{"embeddable":true,"href":"https:\/\/bookexperience.aralleida.cat\/es\/wp-json\/wp\/v2\/comments?post=3682"}],"version-history":[{"count":3,"href":"https:\/\/bookexperience.aralleida.cat\/es\/wp-json\/wp\/v2\/product\/3682\/revisions"}],"predecessor-version":[{"id":4276,"href":"https:\/\/bookexperience.aralleida.cat\/es\/wp-json\/wp\/v2\/product\/3682\/revisions\/4276"}],"wp:featuredmedia":[{"embeddable":true,"href":"https:\/\/bookexperience.aralleida.cat\/es\/wp-json\/wp\/v2\/media\/1476"}],"wp:attachment":[{"href":"https:\/\/bookexperience.aralleida.cat\/es\/wp-json\/wp\/v2\/media?parent=3682"}],"wp:term":[{"taxonomy":"product_brand","embeddable":true,"href":"https:\/\/bookexperience.aralleida.cat\/es\/wp-json\/wp\/v2\/product_brand?post=3682"},{"taxonomy":"product_cat","embeddable":true,"href":"https:\/\/bookexperience.aralleida.cat\/es\/wp-json\/wp\/v2\/product_cat?post=3682"},{"taxonomy":"product_tag","embeddable":true,"href":"https:\/\/bookexperience.aralleida.cat\/es\/wp-json\/wp\/v2\/product_tag?post=3682"}],"curies":[{"name":"wp","href":"https:\/\/api.w.org\/{rel}","templated":true}]}}