{"id":3704,"date":"2020-06-29T09:38:56","date_gmt":"2020-06-29T09:38:56","guid":{"rendered":"https:\/\/bookexperience.aralleida.cat\/producte\/escape-castle-adventure-estada-apartamento\/"},"modified":"2021-12-17T09:54:02","modified_gmt":"2021-12-17T09:54:02","slug":"escape-castle-adventure-estada-apartamento","status":"publish","type":"product","link":"https:\/\/bookexperience.aralleida.cat\/es\/producte\/escape-castle-adventure-estada-apartamento\/","title":{"rendered":"ESCAPE CASTLE ADVENTURE + ESTADA APARTAMENTO"},"content":{"rendered":"<h4>Precios:<\/h4>\n<p>Desde 67,75 \u20ac por persona, para un grupo de 8 personas.<\/p>\n","protected":false},"excerpt":{"rendered":"<div class=\"traductor-textarea form-group\">\n<div class=\"textarea-desti col-xs-12 col-sm-6\">\n<div class=\"form-control second-textarea\">\n<p><strong>Escape Room en el Castillo de Montclar de Urgell<\/strong><\/p>\n<p>Abrimos las puertas para ofreceros una experiencia nueva, exclusiva y \u00fanica!<\/p>\n<p><strong>Es una visita guiada?<\/strong>\u00a0 \u00a0NO! Pero no est\u00e1is nunca solos!<br \/>\n<strong>Es una escape room?<\/strong>\u00a0 \u00a0NO! Es en un castillo!<br \/>\n<strong>Es un juego de rol?\u00a0<\/strong>\u00a0 \u00a0 \u00a0 NO! El escenario es real!<br \/>\n<strong>Da miedo?\u00a0 \u00a0 \u00a0<\/strong>\u00a0 \u00a0 \u00a0 \u00a0 \u00a0 \u00a0 \u00a0 \u00a0 \u00a0NO! Pero hay intriga!<\/p>\n<p><strong>R\u00c1PIDO&#8230;EL TIEMPO SE ACABA!<\/strong> \u00bfQuer\u00e9is descubrir los secretos mejor guardados de la Orden de Montclar? \u00a1No os decepcionar\u00e1n!<\/p>\n<p>&nbsp;<\/p>\n<h4>Donde se desarrolla la experiencia?<\/h4>\n<p>El majestuoso <strong>Castillo de Montclar<\/strong> preside el pueblo con el mismo nombre dentro de la comarca del Urgell. El Castell, edificado sobre los restos de una antigua torre romana, muestra una elegante arquitectura del renacimiento catal\u00e1n, datado en los <strong>siglos XVI y XVII<\/strong> y restaurado recientemente. Declarado Monumento Hist\u00f3rico-Art\u00edstico de car\u00e1cter nacional.<\/p>\n<p>&nbsp;<\/p>\n<\/div>\n<\/div>\n<\/div>\n<h4>Incluye:<\/h4>\n<ul>\n<li>Estancia de una noche en un apartamento con capacidad de 4 a 10 personas<\/li>\n<li>Escape Castle de 4 a 10 personas<\/li>\n<\/ul>\n","protected":false},"featured_media":1224,"comment_status":"open","ping_status":"closed","template":"","meta":{"_acf_changed":false},"product_brand":[],"product_cat":[46,68,98],"product_tag":[],"class_list":{"0":"post-3704","1":"product","2":"type-product","3":"status-publish","4":"has-post-thumbnail","6":"product_cat-cultura-es","7":"product_cat-grupos","8":"product_cat-lurgell-es","10":"first","11":"instock","12":"shipping-taxable","13":"product-type-simple"},"acf":[],"_links":{"self":[{"href":"https:\/\/bookexperience.aralleida.cat\/es\/wp-json\/wp\/v2\/product\/3704","targetHints":{"allow":["GET"]}}],"collection":[{"href":"https:\/\/bookexperience.aralleida.cat\/es\/wp-json\/wp\/v2\/product"}],"about":[{"href":"https:\/\/bookexperience.aralleida.cat\/es\/wp-json\/wp\/v2\/types\/product"}],"replies":[{"embeddable":true,"href":"https:\/\/bookexperience.aralleida.cat\/es\/wp-json\/wp\/v2\/comments?post=3704"}],"version-history":[{"count":6,"href":"https:\/\/bookexperience.aralleida.cat\/es\/wp-json\/wp\/v2\/product\/3704\/revisions"}],"predecessor-version":[{"id":4315,"href":"https:\/\/bookexperience.aralleida.cat\/es\/wp-json\/wp\/v2\/product\/3704\/revisions\/4315"}],"wp:featuredmedia":[{"embeddable":true,"href":"https:\/\/bookexperience.aralleida.cat\/es\/wp-json\/wp\/v2\/media\/1224"}],"wp:attachment":[{"href":"https:\/\/bookexperience.aralleida.cat\/es\/wp-json\/wp\/v2\/media?parent=3704"}],"wp:term":[{"taxonomy":"product_brand","embeddable":true,"href":"https:\/\/bookexperience.aralleida.cat\/es\/wp-json\/wp\/v2\/product_brand?post=3704"},{"taxonomy":"product_cat","embeddable":true,"href":"https:\/\/bookexperience.aralleida.cat\/es\/wp-json\/wp\/v2\/product_cat?post=3704"},{"taxonomy":"product_tag","embeddable":true,"href":"https:\/\/bookexperience.aralleida.cat\/es\/wp-json\/wp\/v2\/product_tag?post=3704"}],"curies":[{"name":"wp","href":"https:\/\/api.w.org\/{rel}","templated":true}]}}