{"id":4100,"date":"2020-06-18T10:57:23","date_gmt":"2020-06-18T10:57:23","guid":{"rendered":"https:\/\/bookexperience.aralleida.cat\/producte\/tierra-y-cielo\/"},"modified":"2020-06-18T10:57:23","modified_gmt":"2020-06-18T10:57:23","slug":"tierra-y-cielo","status":"publish","type":"product","link":"https:\/\/bookexperience.aralleida.cat\/es\/producte\/tierra-y-cielo\/","title":{"rendered":"Tierra y cielo"},"content":{"rendered":"<ul>\n<li>Precio por persona. M\u00ednimo 2 personas (consulta los precios en nuestra web).<\/li>\n<li>Toda reserva queda bajo petici\u00f3n seg\u00fan disponibilidad.<\/li>\n<li>La compra de la experiencia tiene una validez de 12 meses desde el momento de su compra.<\/li>\n<li>Todos los desplazamientos se har\u00e1n con medios propios del cliente.<\/li>\n<\/ul>\n","protected":false},"excerpt":{"rendered":"<p><strong>Fin de semana de dos noches en La Noguera para disfrutar de las estrellas y conocer lugares de inter\u00e9s cultural e hist\u00f3rico, as\u00ed como hacer una excursi\u00f3n por el Desfiladero de Montrebei o del Mu. Descubre La Noguera de una manera diferente.<\/strong><\/p>\n<p>&nbsp;<\/p>\n<h4>El paquete incluye:<\/h4>\n<ul>\n<li>2 noches en habitaci\u00f3n doble en el alojamiento seleccionado.<\/li>\n<li>Visita nocturna al<strong> Parque Astron\u00f3mico del Montsec<\/strong> (\u00c0ger), \u00fanico en Europa.<\/li>\n<li>Visita a la <strong>Balma dels Vilars<\/strong> de Os de Balaguer, con 29 pinturas rupestres Patrimonio de la Humanidad.<\/li>\n<li>Senderismo libre por el <strong>Desfiladero<\/strong> <strong>de Montrebei<\/strong> o el<strong> Desfiladero del Mu.<\/strong><\/li>\n<li>Cena degustaci\u00f3n de platos t\u00edpicos del territorio en un restaurante de cocina tradicional.<\/li>\n<li>Seguro b\u00e1sico de asistencia en viaje.<\/li>\n<li>Dosier de informaci\u00f3n tur\u00edstica del territorio y mapa oficial<\/li>\n<\/ul>\n<p>&nbsp;<\/p>\n<h4>Como regalo especial<\/h4>\n<ul>\n<li>Visita guiada al <strong>Castillo de Os de Balaguer y Museo de Campanas de Catalunya.<\/strong><\/li>\n<li>Tiquets descuento para la agrotienda de Os de Balaguer.<\/li>\n<li>Regalo especial.<\/li>\n<\/ul>\n","protected":false},"featured_media":397,"comment_status":"open","ping_status":"closed","template":"","meta":{"_acf_changed":false},"product_brand":[],"product_cat":[33,100,50,54,42],"product_tag":[],"class_list":{"0":"post-4100","1":"product","2":"type-product","3":"status-publish","4":"has-post-thumbnail","6":"product_cat-astronomia-es","7":"product_cat-la-noguera-es","8":"product_cat-natura-es","9":"product_cat-senderismo","10":"product_cat-turismo-activo-deporte","12":"first","13":"instock","14":"shipping-taxable","15":"product-type-simple"},"acf":[],"_links":{"self":[{"href":"https:\/\/bookexperience.aralleida.cat\/es\/wp-json\/wp\/v2\/product\/4100","targetHints":{"allow":["GET"]}}],"collection":[{"href":"https:\/\/bookexperience.aralleida.cat\/es\/wp-json\/wp\/v2\/product"}],"about":[{"href":"https:\/\/bookexperience.aralleida.cat\/es\/wp-json\/wp\/v2\/types\/product"}],"replies":[{"embeddable":true,"href":"https:\/\/bookexperience.aralleida.cat\/es\/wp-json\/wp\/v2\/comments?post=4100"}],"version-history":[{"count":0,"href":"https:\/\/bookexperience.aralleida.cat\/es\/wp-json\/wp\/v2\/product\/4100\/revisions"}],"wp:featuredmedia":[{"embeddable":true,"href":"https:\/\/bookexperience.aralleida.cat\/es\/wp-json\/wp\/v2\/media\/397"}],"wp:attachment":[{"href":"https:\/\/bookexperience.aralleida.cat\/es\/wp-json\/wp\/v2\/media?parent=4100"}],"wp:term":[{"taxonomy":"product_brand","embeddable":true,"href":"https:\/\/bookexperience.aralleida.cat\/es\/wp-json\/wp\/v2\/product_brand?post=4100"},{"taxonomy":"product_cat","embeddable":true,"href":"https:\/\/bookexperience.aralleida.cat\/es\/wp-json\/wp\/v2\/product_cat?post=4100"},{"taxonomy":"product_tag","embeddable":true,"href":"https:\/\/bookexperience.aralleida.cat\/es\/wp-json\/wp\/v2\/product_tag?post=4100"}],"curies":[{"name":"wp","href":"https:\/\/api.w.org\/{rel}","templated":true}]}}