{"id":4175,"date":"2020-08-21T10:50:54","date_gmt":"2020-08-21T10:50:54","guid":{"rendered":"https:\/\/bookexperience.aralleida.cat\/producte\/vacaciones-en-familia-en-la-cerdanya\/"},"modified":"2021-12-16T10:24:10","modified_gmt":"2021-12-16T10:24:10","slug":"vacaciones-en-familia-en-la-cerdanya","status":"publish","type":"product","link":"https:\/\/bookexperience.aralleida.cat\/es\/producte\/vacaciones-en-familia-en-la-cerdanya\/","title":{"rendered":"Vacaciones en familia en la Cerdanya"},"content":{"rendered":"<h4>Precios:<\/h4>\n<ul>\n<li>Adultos:\u00a0 118\u20ac por persona<\/li>\n<li>Ni\u00f1os a partir de los 6 a\u00f1os:\u00a0 \u00a072\u20ac<\/li>\n<\/ul>\n<p>&nbsp;<\/p>\n<h4>Nuestro alojamiento recomendado:<\/h4>\n<p>El alojamiento con m\u00e1s servicios de la Cerdanya es sin duda el <strong>Cerdanya Ecoresort<\/strong>: piscinas, restaurantes, bares, servicio de animaci\u00f3n, gran Spa Wellness Panor\u00e1mico, guarder\u00eda para ni\u00f1os, informaci\u00f3n de rutas, gimnasio, centro de trail running, masajes, fisioterapia, pista de p\u00e1del, granja de animales y parque de actividades, xiqui-parc, cocina adaptada a intolerancias, posibilidad de eco media pensi\u00f3n y eco pensi\u00f3n completa, etc.\u00a0 Alojamiento en Hotel, apartamentos y <em>bungalows<\/em>.<\/p>\n<p><a href=\"https:\/\/www.cerdanyaecoresort.com\/\">https:\/\/www.cerdanyaecoresort.com\/<\/a><\/p>\n<p>&nbsp;<\/p>\n","protected":false},"excerpt":{"rendered":"<p><strong>Vacaciones de aventura para toda la familia (6 a 11 a\u00f1os): *consultad las actividades que pueden hacer los ni\u00f1os m\u00e1s peque\u00f1os.<\/strong><\/p>\n<p>&nbsp;<\/p>\n<p><strong>D\u00eda 1 ma\u00f1ana:<\/strong> Visita a la Granja&amp; Parc, un parque zool\u00f3gico donde podr\u00e9is disfrutar de diversas actividades y juegos.<br \/>\n<strong>D\u00eda 1 tarde:<\/strong> Paseo en carruaje estirado por caballos.<br \/>\n<strong>D\u00eda 2 ma\u00f1ana: <\/strong>\u00a0Espeleolog\u00eda: visitamos la Cueva de Anes (llena de estalactitas y estalagmitas).<br \/>\n<strong>D\u00eda 2 tarde:\u00a0<\/strong> Pirag\u00fcismo de Aguas Tranquilas (al Parque Ol\u00edmpico del Segre).<br \/>\n<strong>D\u00eda 3:<\/strong> \u00a0Excursi\u00f3n guiada a uno de los lugares m\u00e1s bonitos del valle de la Cerdanya (el Cad\u00ed, los Lagos de Monta\u00f1a\u2026).<br \/>\n<strong>D\u00eda 4 ma\u00f1ana:<\/strong> \u00a0Escalada y Mini-V\u00eda Ferrada para principiantes (Nivel f\u00e1cil en familia).<br \/>\n<b>D\u00eda 4 tarde: <\/b>\u00a0Senderismo con libro autoguiado (elecci\u00f3n entre 14 excursiones).<br \/>\n<b>D\u00eda 5 ma\u00f1ana:<\/b> \u00a0Spa Familiar. Disfrutad del bienestar con toda la familia.<br \/>\n<b>D\u00eda 5 tarde:<\/b> \u00a0Canminata y visita a nuestros Huertos del Verger Cerd\u00e0.<br \/>\n<b>D\u00eda 6 ma\u00f1ana: <\/b>\u00a0Circuitos de aventura por los \u00e1rboles (circuito verde o azul para los ni\u00f1os y ni\u00f1as, y azul y rojo para los padres y adolescentes).<br \/>\n<b>D\u00eda 6 tarde:\u00a0 <\/b>Subid con Telesilla y pasead por las monta\u00f1as m\u00e1s altas del valle.<\/p>\n<p>&nbsp;<\/p>\n","protected":false},"featured_media":1874,"comment_status":"open","ping_status":"closed","template":"","meta":{"_acf_changed":false},"product_brand":[],"product_cat":[96,99,50,54,42,40],"product_tag":[],"class_list":{"0":"post-4175","1":"product","2":"type-product","3":"status-publish","4":"has-post-thumbnail","6":"product_cat-lalt-urgell-es","7":"product_cat-cerdanya-es","8":"product_cat-natura-es","9":"product_cat-senderismo","10":"product_cat-turismo-activo-deporte","11":"product_cat-turismo-familiar","13":"first","14":"instock","15":"shipping-taxable","16":"product-type-simple"},"acf":[],"_links":{"self":[{"href":"https:\/\/bookexperience.aralleida.cat\/es\/wp-json\/wp\/v2\/product\/4175","targetHints":{"allow":["GET"]}}],"collection":[{"href":"https:\/\/bookexperience.aralleida.cat\/es\/wp-json\/wp\/v2\/product"}],"about":[{"href":"https:\/\/bookexperience.aralleida.cat\/es\/wp-json\/wp\/v2\/types\/product"}],"replies":[{"embeddable":true,"href":"https:\/\/bookexperience.aralleida.cat\/es\/wp-json\/wp\/v2\/comments?post=4175"}],"version-history":[{"count":1,"href":"https:\/\/bookexperience.aralleida.cat\/es\/wp-json\/wp\/v2\/product\/4175\/revisions"}],"predecessor-version":[{"id":4244,"href":"https:\/\/bookexperience.aralleida.cat\/es\/wp-json\/wp\/v2\/product\/4175\/revisions\/4244"}],"wp:featuredmedia":[{"embeddable":true,"href":"https:\/\/bookexperience.aralleida.cat\/es\/wp-json\/wp\/v2\/media\/1874"}],"wp:attachment":[{"href":"https:\/\/bookexperience.aralleida.cat\/es\/wp-json\/wp\/v2\/media?parent=4175"}],"wp:term":[{"taxonomy":"product_brand","embeddable":true,"href":"https:\/\/bookexperience.aralleida.cat\/es\/wp-json\/wp\/v2\/product_brand?post=4175"},{"taxonomy":"product_cat","embeddable":true,"href":"https:\/\/bookexperience.aralleida.cat\/es\/wp-json\/wp\/v2\/product_cat?post=4175"},{"taxonomy":"product_tag","embeddable":true,"href":"https:\/\/bookexperience.aralleida.cat\/es\/wp-json\/wp\/v2\/product_tag?post=4175"}],"curies":[{"name":"wp","href":"https:\/\/api.w.org\/{rel}","templated":true}]}}