{"id":4177,"date":"2020-08-21T11:24:03","date_gmt":"2020-08-21T11:24:03","guid":{"rendered":"https:\/\/bookexperience.aralleida.cat\/producte\/sensaciones-fuertes-en-familia\/"},"modified":"2021-12-16T10:24:02","modified_gmt":"2021-12-16T10:24:02","slug":"sensaciones-fuertes-en-familia","status":"publish","type":"product","link":"https:\/\/bookexperience.aralleida.cat\/es\/producte\/sensaciones-fuertes-en-familia\/","title":{"rendered":"Sensaciones fuertes en familia"},"content":{"rendered":"<h4>Precios:<\/h4>\n<p><strong>Adultos:<\/strong> 222\u20ac por persona<\/p>\n<p>&nbsp;<\/p>\n<h4>Nuestro alojamiento recomendado:<\/h4>\n<p>El alojamiento con m\u00e1s servicios de la Cerdanya es sin duda el<strong> Cerdanya Ecoresort<\/strong>: piscinas, restaurantes, bares, servicio de animaci\u00f3n, gran Spa Wellness Panor\u00e1mico, guarder\u00eda para ni\u00f1os, informaci\u00f3n de rutas, gimnasio, centro de trail running, masajes, fisioterapia, pista de p\u00e1del, granja de animales y parque de actividades, xiqui-parc, cocina adaptada a intolerancias, posibilidad de eco media pensi\u00f3n y eco pensi\u00f3n completa, etc.<\/p>\n<p>Alojamiento en hotel, apartamentos y bungalows &#8211;&gt; www.cerdanyaecoresort.com<\/p>\n","protected":false},"excerpt":{"rendered":"<p><strong>Actividades multiaventura (a partir de los 12 a\u00f1os), tus vacaciones a la Cerdanya<\/strong><\/p>\n<p>Vienes con pareja? Con un grupo de amigos? Vuestros hijos son ya adolescentes? Tenemos un programa multiaventura muy muy completo! Os aseguramos emociones fuertes, aventura, natura, aire puro de monta\u00f1a, etc.<\/p>\n<p><b>D\u00eda<\/b><strong>\u00a01<\/strong><\/p>\n<ul>\n<li><strong>Ma\u00f1ana<\/strong>: 4 bajas de rafting (1 hora aproximadamente por el Parque del Segre de la Seu d&#8217;Urgell)<\/li>\n<li><strong>Tarde<\/strong>: Senderismo con libro autoguiado (elecci\u00f3n entre 14 excursiones).<\/li>\n<\/ul>\n<p><b>D\u00eda<\/b><strong>\u00a02<\/strong><\/p>\n<ul>\n<li>Descenso de barranco de nivel 2 (iniciaci\u00f3n adultos) en Vallcebre o Organy\u00e0 (en funci\u00f3n de los caudales)<\/li>\n<\/ul>\n<p><b>D\u00eda<\/b><strong>\u00a03<\/strong><\/p>\n<ul>\n<li>Espeleolog\u00eda (nos introducimos en la Cueva de Anes)<\/li>\n<\/ul>\n<p><strong>D\u00eda 4<\/strong><\/p>\n<ul>\n<li><strong>Ma\u00f1ana:<\/strong> Sesi\u00f3n de spa \/ relax en el Wellness Cerdanya (circuito de unas 2 horas aproximadamente).<\/li>\n<li><strong>Tarde:<\/strong> Ruta a caballo de 1 hora (tambi\u00e9n preparaci\u00f3n del caballo)<\/li>\n<\/ul>\n<p><b>D\u00eda<\/b><strong>\u00a05<\/strong><\/p>\n<ul>\n<li><strong>Ma\u00f1ana:<\/strong> V\u00eda Ferrada de Nivel 2 (en Vallcebre)<\/li>\n<li><strong>Tarde:<\/strong> Actividades en el Water Jump de Err (paquete de totes las actividades por los toboganes, con los neum\u00e1ticos, bicicletas o esqu\u00eds!)<\/li>\n<\/ul>\n<p><b>D\u00eda<\/b><strong>\u00a06<\/strong><\/p>\n<ul>\n<li>Excursi\u00f3n guiada a la monta\u00f1a: lagos de alta monta\u00f1a, Sierra del Cad\u00ed, etc.<\/li>\n<\/ul>\n<h4><\/h4>\n<p>Es muy importante que cuando os apunt\u00e9is en este programa nos expliqu\u00e9is muy bien cual es vuestro nivel de partida. Este programa multiaventura tiene diferentes niveles, en funci\u00f3n de las experiencias que hay\u00e1is tenido con anterioridad. Por lo tanto, <b>nuestro objetivo es adaptar al m\u00e1ximo el programa al vuestro nivel.<\/b><\/p>\n","protected":false},"featured_media":1872,"comment_status":"open","ping_status":"closed","template":"","meta":{"_acf_changed":false},"product_brand":[],"product_cat":[96,99,50,54,42,40],"product_tag":[],"class_list":{"0":"post-4177","1":"product","2":"type-product","3":"status-publish","4":"has-post-thumbnail","6":"product_cat-lalt-urgell-es","7":"product_cat-cerdanya-es","8":"product_cat-natura-es","9":"product_cat-senderismo","10":"product_cat-turismo-activo-deporte","11":"product_cat-turismo-familiar","13":"first","14":"instock","15":"shipping-taxable","16":"product-type-simple"},"acf":[],"_links":{"self":[{"href":"https:\/\/bookexperience.aralleida.cat\/es\/wp-json\/wp\/v2\/product\/4177","targetHints":{"allow":["GET"]}}],"collection":[{"href":"https:\/\/bookexperience.aralleida.cat\/es\/wp-json\/wp\/v2\/product"}],"about":[{"href":"https:\/\/bookexperience.aralleida.cat\/es\/wp-json\/wp\/v2\/types\/product"}],"replies":[{"embeddable":true,"href":"https:\/\/bookexperience.aralleida.cat\/es\/wp-json\/wp\/v2\/comments?post=4177"}],"version-history":[{"count":1,"href":"https:\/\/bookexperience.aralleida.cat\/es\/wp-json\/wp\/v2\/product\/4177\/revisions"}],"predecessor-version":[{"id":4243,"href":"https:\/\/bookexperience.aralleida.cat\/es\/wp-json\/wp\/v2\/product\/4177\/revisions\/4243"}],"wp:featuredmedia":[{"embeddable":true,"href":"https:\/\/bookexperience.aralleida.cat\/es\/wp-json\/wp\/v2\/media\/1872"}],"wp:attachment":[{"href":"https:\/\/bookexperience.aralleida.cat\/es\/wp-json\/wp\/v2\/media?parent=4177"}],"wp:term":[{"taxonomy":"product_brand","embeddable":true,"href":"https:\/\/bookexperience.aralleida.cat\/es\/wp-json\/wp\/v2\/product_brand?post=4177"},{"taxonomy":"product_cat","embeddable":true,"href":"https:\/\/bookexperience.aralleida.cat\/es\/wp-json\/wp\/v2\/product_cat?post=4177"},{"taxonomy":"product_tag","embeddable":true,"href":"https:\/\/bookexperience.aralleida.cat\/es\/wp-json\/wp\/v2\/product_tag?post=4177"}],"curies":[{"name":"wp","href":"https:\/\/api.w.org\/{rel}","templated":true}]}}