{"id":4522,"date":"2022-11-14T14:02:20","date_gmt":"2022-11-14T14:02:20","guid":{"rendered":"https:\/\/bookexperience.aralleida.cat\/producte\/especial-fiesta-de-los-almadieros-tren-de-los-lagos-2-3-7\/"},"modified":"2022-11-14T14:02:20","modified_gmt":"2022-11-14T14:02:20","slug":"especial-fiesta-de-los-almadieros-tren-de-los-lagos-2-3-7","status":"publish","type":"product","link":"https:\/\/bookexperience.aralleida.cat\/es\/producte\/especial-fiesta-de-los-almadieros-tren-de-los-lagos-2-3-7\/","title":{"rendered":"ESPECIAL Fiesta de los Almadieros &#8211; Tren de los Lagos 2-3\/7"},"content":{"rendered":"<h3>Incluye:<\/h3>\n<ul>\n<li>Billete de Tren de los Lagos hist\u00f3rico Lleida \u2013 La Pobla de Segur<\/li>\n<li>1 Noche en r\u00e9gimen de media pensi\u00f3n en hotel 3* (cena y desayuno)<\/li>\n<li>Visita guiada al Conjunto modernista Casa Mauri i Mol\u00ed de l&#8217;Oli<\/li>\n<li>1 Comida (men\u00fa 3 platos + bebida)<\/li>\n<li>Visita a la f\u00e1brica centenaria Licors Portet<\/li>\n<li>Degustaci\u00f3n de rataf\u00eda<\/li>\n<li>Transporte desde la estaci\u00f3n al centro de la poblaci\u00f3n y regreso<\/li>\n<li>Billete de tren moderno de regreso La Pobla de Segur &#8211; Lleida<\/li>\n<li>Seguro de viaje<\/li>\n<\/ul>\n<h3><\/h3>\n<h3>Cancelaciones:<\/h3>\n<ul>\n<li style=\"font-weight: 400;\">Si cancela con menos de 48 h de antelaci\u00f3n se cobrar\u00e1 el 100% de la reserva.<\/li>\n<li style=\"font-weight: 400;\">Si cancela con menos de 72 h de antelaci\u00f3n se cobrar\u00e1 el 50% de la reserva.<\/li>\n<li style=\"font-weight: 400;\">Si cancela con m\u00e1s de 73 h de antelaci\u00f3n se reintegrar\u00e1 el 100% de la reserva.<\/li>\n<\/ul>\n<p style=\"font-weight: 400;\">\n","protected":false},"excerpt":{"rendered":"<p style=\"font-weight: 400;\"><span style=\"font-weight: 400;\">Ven a pasar un fin de semana en el Pallars.\u00a0Toma el Tren dels Llacs con tus amigos, pareja o familia y conoce a fondo La Pobla de Segur y los alrededores.<\/span><\/p>\n<p style=\"font-weight: 400;\"><b><strong>S\u00c1BADO<\/strong><\/b><\/p>\n<p style=\"font-weight: 400;\"><strong>10.30 h<\/strong> Presentaci\u00f3n en la estaci\u00f3n de trenes de Lleida &#8211; Pirineos e inicio de un recorrido \u00fanico con el hist\u00f3rico\u00a0<b><strong>Tren de los Lagos<\/strong><\/b>\u00a0desde la\u00a0huerta de Lleida hasta La Pobla de Segur \u00abPuerta de los Pirineos\u00bb, pasando por 4 l\u00e1minas de agua y el impresionante\u00a0<b><strong>desfiladero de Terradets<\/strong><\/b>.<\/p>\n<p style=\"font-weight: 400;\"><strong>12:35 h<\/strong> Recogida en la estaci\u00f3n de tren de la Pobla de Segur y traslado al centro de la ciudad para visitar la\u00a0<b><strong>Casa Mauri y su Molino de Aceite<\/strong><\/b>, conjunto de edificios modernistas donde destacan mosaicos, vitrales y forja as\u00ed como unos jardines rom\u00e1nticos \u00abbelle \u00e9poque\u00bb. Actualmente sede del Ayuntamiento.<\/p>\n<p style=\"font-weight: 400;\"><strong>14:00 h<\/strong> Comida men\u00fa 3 platos con bebida incluida en un restaurante local (se podr\u00e0 escoger entre diferentes platos).<\/p>\n<p style=\"font-weight: 400;\">A continuaci\u00f3n visita\u00a0<b><strong>Licores Portet<\/strong><\/b>, una de las f\u00e1bricas de licores m\u00e1s antiguas de Catalu\u00f1a y con prestigio internacional por su extraordinaria rataf\u00eda<\/p>\n<p style=\"font-weight: 400;\"><b><strong>Degustaci\u00f3n de diferentes licores<\/strong><\/b>\u00a0propios y resto de la tarde libre.<\/p>\n<p style=\"font-weight: 400;\"><b><strong>Acomodaci\u00f3n<\/strong><\/b>\u00a0en la Fonda Fas\u00e8rsia y cena en el tradicional Caf\u00e9 Union.<\/p>\n<p style=\"font-weight: 400;\"><b><strong>DOMINGO<\/strong><\/b><\/p>\n<p style=\"font-weight: 400;\">Desayuno en la Fonda<\/p>\n<p style=\"font-weight: 400;\">Resto del d\u00eda libre para disfrutar de la fiesta de los almadieros<\/p>\n<p style=\"font-weight: 400;\">Transporte hacia la estaci\u00f3n para bajar hacia Lleida con el tren moderno.\u00a0<b><strong>Horario a elegir<\/strong><\/b>:<\/p>\n<p style=\"font-weight: 400;\">La Pobla de Segur 15.15 h &#8211; Lleida 16:50 h<\/p>\n<p style=\"font-weight: 400;\">La Pobla de Segur 19.00 h &#8211; Lleida 20:35 h<\/p>\n","protected":false},"featured_media":4517,"comment_status":"open","ping_status":"closed","template":"","meta":{"_acf_changed":false},"product_brand":[],"product_cat":[46,48,50,92,65],"product_tag":[],"class_list":{"0":"post-4522","1":"product","2":"type-product","3":"status-publish","4":"has-post-thumbnail","6":"product_cat-cultura-es","7":"product_cat-gastronomia-es","8":"product_cat-natura-es","9":"product_cat-pallars-jussa-es","10":"product_cat-puentes","12":"first","13":"instock","14":"shipping-taxable","15":"product-type-simple"},"acf":[],"_links":{"self":[{"href":"https:\/\/bookexperience.aralleida.cat\/es\/wp-json\/wp\/v2\/product\/4522","targetHints":{"allow":["GET"]}}],"collection":[{"href":"https:\/\/bookexperience.aralleida.cat\/es\/wp-json\/wp\/v2\/product"}],"about":[{"href":"https:\/\/bookexperience.aralleida.cat\/es\/wp-json\/wp\/v2\/types\/product"}],"replies":[{"embeddable":true,"href":"https:\/\/bookexperience.aralleida.cat\/es\/wp-json\/wp\/v2\/comments?post=4522"}],"version-history":[{"count":0,"href":"https:\/\/bookexperience.aralleida.cat\/es\/wp-json\/wp\/v2\/product\/4522\/revisions"}],"wp:featuredmedia":[{"embeddable":true,"href":"https:\/\/bookexperience.aralleida.cat\/es\/wp-json\/wp\/v2\/media\/4517"}],"wp:attachment":[{"href":"https:\/\/bookexperience.aralleida.cat\/es\/wp-json\/wp\/v2\/media?parent=4522"}],"wp:term":[{"taxonomy":"product_brand","embeddable":true,"href":"https:\/\/bookexperience.aralleida.cat\/es\/wp-json\/wp\/v2\/product_brand?post=4522"},{"taxonomy":"product_cat","embeddable":true,"href":"https:\/\/bookexperience.aralleida.cat\/es\/wp-json\/wp\/v2\/product_cat?post=4522"},{"taxonomy":"product_tag","embeddable":true,"href":"https:\/\/bookexperience.aralleida.cat\/es\/wp-json\/wp\/v2\/product_tag?post=4522"}],"curies":[{"name":"wp","href":"https:\/\/api.w.org\/{rel}","templated":true}]}}