{"id":4528,"date":"2022-11-14T14:17:49","date_gmt":"2022-11-14T14:17:49","guid":{"rendered":"https:\/\/bookexperience.aralleida.cat\/producte\/especial-fallas-del-pirineo-tren-de-los-lagos-17-18-junio-2023\/"},"modified":"2022-11-14T14:17:49","modified_gmt":"2022-11-14T14:17:49","slug":"especial-fallas-del-pirineo-tren-de-los-lagos-17-18-junio-2023","status":"publish","type":"product","link":"https:\/\/bookexperience.aralleida.cat\/es\/producte\/especial-fallas-del-pirineo-tren-de-los-lagos-17-18-junio-2023\/","title":{"rendered":"ESPECIAL Fallas del Pirineo- Tren de los Lagos 17-18 Junio 2023"},"content":{"rendered":"<h3 style=\"font-weight: 400;\">Incluido en el paquete:<\/h3>\n<ul style=\"font-weight: 400;\">\n<li>Billete Tren de los Lagos hist\u00f3rico<\/li>\n<li>Traslados La Pobla de Segur<\/li>\n<li>Visita guiada conjunto modernista Casa Mauri<\/li>\n<li>Comida especial (men\u00fa 3 platos + bebida)<\/li>\n<li>Visita y explicaci\u00f3n Licores Portet<\/li>\n<li>Alojamiento y desayuno Fonda<\/li>\n<li>Cena antiguo Caf\u00e9 (men\u00fa 3 platos + bebida)<\/li>\n<li>Visita guiada Tiendas Museo Sal\u00e0s de Pallars<\/li>\n<li>Comida en la Era (men\u00fa 3 platos + bebida)<\/li>\n<li>Billete Tren de los Lagos moderno<\/li>\n<li>Caja de galletas (1 por persona)<\/li>\n<li>Seguro<\/li>\n<\/ul>\n<div class=\"clearfix cont_int\">\n<div class=\"container\">\n<div class=\"row\">\n<div class=\"col-xs-12 cont_int_7\">\n<div class=\"cont_defecto\">\n<div class=\"prod_fic_conts\">\n<div class=\"hidden-xs\">\n<div class=\"tab-content\">\n<div id=\"tab_2\" class=\"tab-pane fade  active in\">\n<p>&nbsp;<\/p>\n<h3>Cancelaciones:<\/h3>\n<p>Las reservas entran en gastos de cancelaci\u00f3n a partir de 7 d\u00edas antes del inicio de los servicios.<\/p>\n<p>Si cancela con 7 d\u00edas o menos de antelaci\u00f3n se cobrar\u00e1n los billetes del Tren de los Lagos de la reserva.<\/p>\n<p>Si cancela con 3 d\u00edas o menos de antelaci\u00f3n se cobrar\u00e1 el 50% de la reserva.<br \/>\nSi cancela con 1 d\u00eda o menos de antelaci\u00f3n se cobrar\u00e1 el 100% de la reserva.<\/p>\n<p>Se podr\u00e1n realizar cambios de fecha siempre y cuando haya disponibilidad de los servicios y se realice con 10 d\u00edas de antelaci\u00f3n.<\/p>\n<p>Cancelaciones por fuerza mayor:<\/p>\n<p>Para causas de fuerza mayor justificadas, se reintegrar\u00e1 el 100% del importe total de la reserva.<\/p>\n<\/div>\n<\/div>\n<\/div>\n<\/div>\n<\/div>\n<\/div>\n<\/div>\n<\/div>\n<\/div>\n<div id=\"ftr\">\n<footer class=\"cont_footer\">\n<div class=\"cont_footer_sup\">\n<div class=\"container cont_footer_sup_int\"><\/div>\n<\/div>\n<div class=\"cont_int_footer_0_ext\">\n<div class=\"container\">\n<div class=\"row\">\n<div class=\"col-xs-12 cont_int_footer_0\"><\/div>\n<\/div>\n<\/div>\n<\/div>\n<\/footer>\n<\/div>\n","protected":false},"excerpt":{"rendered":"<p style=\"font-weight: 400;\">Paquete tur\u00edstico con\u00a0<b><strong>todo incluido<\/strong><\/b>\u00a0para disfrutar de un fin de semana redondo con el Tren de los Lagos y estancia en el Pre Pirineo.<\/p>\n<p style=\"font-weight: 400;\"><b><strong>S\u00c1BADO 17 DE JUNIO<\/strong><\/b><\/p>\n<p style=\"font-weight: 400;\"><strong>10.30 h<\/strong> Presentaci\u00f3n en la estaci\u00f3n de trenes de Lleida &#8211; Pirineos e inicio de un recorrido \u00fanico con el hist\u00f3rico\u00a0<b><strong>Tren de los Lagos<\/strong><\/b>\u00a0desde la\u00a0huerta de Lleida hasta La Pobla de Segur \u00abPuerta de los Pirineos\u00bb, pasando por 4 l\u00e1minas de agua y el impresionante\u00a0<b><strong>desfiladero de Terradets<\/strong><\/b>.<\/p>\n<p style=\"font-weight: 400;\"><strong>12:35 h<\/strong> Recogida en la estaci\u00f3n de tren de la Pobla de Segur y traslado al centro de la ciudad para visitar la\u00a0<b><strong>Casa Mauri y su Molino de Aceite<\/strong><\/b>, conjunto de edificios modernistas donde destacan mosaicos, vitrales y forja as\u00ed como unos jardines rom\u00e1nticos \u00abbelle \u00e9poque\u00bb. Actualmente sede del Ayuntamiento.<\/p>\n<p style=\"font-weight: 400;\"><strong>14:00 h<\/strong> Comida men\u00fa especial con bebida incluida en un restaurante local.<\/p>\n<p style=\"font-weight: 400;\">A continuaci\u00f3n visita\u00a0<b><strong>Licores Portet<\/strong><\/b>, una de las f\u00e1bricas de licores m\u00e1s antiguas de Catalu\u00f1a y con prestigio internacional por su extraordinaria rataf\u00eda<\/p>\n<p style=\"font-weight: 400;\"><b><strong>Degustaci\u00f3n de diferentes licores<\/strong><\/b>\u00a0propios y resto de la tarde libre.<\/p>\n<p style=\"font-weight: 400;\"><b><strong>Acomodaci\u00f3n<\/strong><\/b>\u00a0en la Fonda Fasersia y cena en el tradicional Caf\u00e9 Union.<\/p>\n<p style=\"font-weight: 400;\"><b><strong>DOMINGO 18 DE JUNIO<\/strong><\/b><\/p>\n<p style=\"font-weight: 400;\">Desayuno en la Fonda<\/p>\n<p style=\"font-weight: 400;\">Traslado Sal\u00e0s de Pallars para hacer la visita guiada a las espectaculares\u00a0<b><strong>Tiendas Museo<\/strong><\/b>, espacios que rememoran el antiguo comercio y comprenden: una barber\u00eda, la farmacia, el estanco, la mercer\u00eda, la tienda de Ultramarinos y el antiguo caf\u00e9. Aproximadamente 1 hora y 30 minutos.<\/p>\n<p style=\"font-weight: 400;\">Comida men\u00fa con bebida incluida en una\u00a0<b><strong>t\u00edpica era de pueblo<\/strong><\/b>\u00a0(restaurante local).<\/p>\n<p style=\"font-weight: 400;\">Transporte hacia la estaci\u00f3n para bajar hacia Lleida con el tren moderno.\u00a0<b><strong>Horario a elegir<\/strong><\/b>:<\/p>\n<p style=\"font-weight: 400;\">La Pobla de Segur 15.15 h &#8211; Lleida 16:50 h<\/p>\n<p style=\"font-weight: 400;\">La Pobla de Segur 19.00 h &#8211; Lleida 20:35 h<\/p>\n","protected":false},"featured_media":4525,"comment_status":"open","ping_status":"closed","template":"","meta":{"_acf_changed":false},"product_brand":[],"product_cat":[32,46,48,50,92,65],"product_tag":[],"class_list":{"0":"post-4528","1":"product","2":"type-product","3":"status-publish","4":"has-post-thumbnail","6":"product_cat-actividad","7":"product_cat-cultura-es","8":"product_cat-gastronomia-es","9":"product_cat-natura-es","10":"product_cat-pallars-jussa-es","11":"product_cat-puentes","13":"first","14":"instock","15":"shipping-taxable","16":"product-type-simple"},"acf":[],"_links":{"self":[{"href":"https:\/\/bookexperience.aralleida.cat\/es\/wp-json\/wp\/v2\/product\/4528","targetHints":{"allow":["GET"]}}],"collection":[{"href":"https:\/\/bookexperience.aralleida.cat\/es\/wp-json\/wp\/v2\/product"}],"about":[{"href":"https:\/\/bookexperience.aralleida.cat\/es\/wp-json\/wp\/v2\/types\/product"}],"replies":[{"embeddable":true,"href":"https:\/\/bookexperience.aralleida.cat\/es\/wp-json\/wp\/v2\/comments?post=4528"}],"version-history":[{"count":0,"href":"https:\/\/bookexperience.aralleida.cat\/es\/wp-json\/wp\/v2\/product\/4528\/revisions"}],"wp:featuredmedia":[{"embeddable":true,"href":"https:\/\/bookexperience.aralleida.cat\/es\/wp-json\/wp\/v2\/media\/4525"}],"wp:attachment":[{"href":"https:\/\/bookexperience.aralleida.cat\/es\/wp-json\/wp\/v2\/media?parent=4528"}],"wp:term":[{"taxonomy":"product_brand","embeddable":true,"href":"https:\/\/bookexperience.aralleida.cat\/es\/wp-json\/wp\/v2\/product_brand?post=4528"},{"taxonomy":"product_cat","embeddable":true,"href":"https:\/\/bookexperience.aralleida.cat\/es\/wp-json\/wp\/v2\/product_cat?post=4528"},{"taxonomy":"product_tag","embeddable":true,"href":"https:\/\/bookexperience.aralleida.cat\/es\/wp-json\/wp\/v2\/product_tag?post=4528"}],"curies":[{"name":"wp","href":"https:\/\/api.w.org\/{rel}","templated":true}]}}