{"id":4567,"date":"2022-11-29T09:19:49","date_gmt":"2022-11-29T09:19:49","guid":{"rendered":"https:\/\/bookexperience.aralleida.cat\/producte\/ruta-de-raquetes-i-refugi\/"},"modified":"2022-11-29T09:29:25","modified_gmt":"2022-11-29T09:29:25","slug":"ruta-de-raquetes-i-refugi","status":"publish","type":"product","link":"https:\/\/bookexperience.aralleida.cat\/es\/producte\/ruta-de-raquetes-i-refugi\/","title":{"rendered":"Ruta de Raquetas y Refugio"},"content":{"rendered":"<div class=\"one_half\">\n<dl>\n<dt><strong>INCLUYE:<\/strong><\/dt>\n<\/dl>\n<ul>\n<li>Pensi\u00f3n completa en un refugio de monta\u00f1a.<\/li>\n<li>Dos d\u00edas de rutas guiadas en raquetas de nieve.<\/li>\n<li>Gu\u00edas locales de alta monta\u00f1a expertos conocedores de la zona y la cultura pirenaica.<\/li>\n<li>Material b\u00e1sico necesario, raquetas y bastones.<\/li>\n<\/ul>\n<\/div>\n<div class=\"one_half last\">\n<dl>\n<dt><i class=\"fa fa-remove\"><\/i><strong>\u00a0<\/strong><\/dt>\n<dt><strong> NO INCLUYE:<\/strong><\/dt>\n<\/dl>\n<ul>\n<li>Transportes de origen hasta el punto de encuentro, y retorno.<\/li>\n<li>Servicios extra no especificados.<\/li>\n<\/ul>\n<p>&#8212;<\/p>\n<\/div>\n<ul>\n<li>Punto de encuentro: Aparcamiento de las Bordas de Vir\u00f3s o en Planes de Son, seg\u00fan localizaci\u00f3n.<\/li>\n<li>Material necesario: ropa de esqu\u00ed impermeable, botas de monta\u00f1a, gafas de sol, gorro, guantes, agua, mochila con ropa de recambio y neceser, crema solar y polainas (opcionales).<\/li>\n<\/ul>\n<p><em>*Salidas confirmadas con m\u00ednimo de 12 personas los s\u00e1bados de enero y febrero.<\/em><\/p>\n","protected":false},"excerpt":{"rendered":"<div class=\"fusion-title title fusion-title-2 fusion-sep-none fusion-title-text fusion-title-size-three fusion-border-below-title\">\n<h5 class=\"title-heading-left fusion-responsive-typography-calculated\"><strong>\u00bfTe gusta andar por la monta\u00f1a en verano? \u00bfTe animas a probarlo en invierno? Nieve, estrellas, bosques y un solitario refugio nos esperan en una aut\u00e9ntica aventura hibernal de dos d\u00edas en raquetas de nieve.<\/strong><\/h5>\n<\/div>\n<div class=\"fusion-text fusion-text-1\">\n<p>La aventura empieza en un solitario lugar del\u00a0<strong>Alto Pirineo<\/strong>, en un entorno m\u00e1gico donde iniciaremos nuestra ruta. En ella aprenderemos a interpretar los rastros de la fauna t\u00edpica pirinaica, atravesando grandes bosques, blancas llanuras, hasta llegar al solitario\u00a0<strong>refugio\u00a0<\/strong>donde pasaremos la noche. Disfrutaremos de una buena cena, seguida de la t\u00edpica sobremesa recordando las an\u00e9cdotas de la excursi\u00f3n junto al calor de la chimenea. Por la noche, saldremos de\u00a0<strong>expedici\u00f3n<\/strong>\u00a0a contemplar el cielo nocturno, estrellas y constelaciones.\u00a0Al d\u00eda siguiente, subiremos una peque\u00f1a cima donde gozaremos de\u00a0<strong>incre\u00edbles vistas\u00a0<\/strong>a los paisajes nevados del valle y los picos colindantes, hasta volver al refugio donde nos esperar\u00e1 una comida revitalizante antes de emprender el camino de vuelta y dar por finalizada la aventura.<\/p>\n<p>Ofrecemos salidas en el\u00a0<strong>Parque Natural del Alto Pirineo<\/strong>\u00a0con alojamiento en el\u00a0<strong>Refugio Gall Fer<\/strong>\u00a0situado en el Bosque de Vir\u00f3s; y en la periferia del\u00a0<strong>Parque Nacional de Aig\u00fcestortes<\/strong>\u00a0con alojamiento en el\u00a0<strong>Refugio Pla de la Font<\/strong>\u00a0saliendo desde Planes de Son. Localizaci\u00f3n a determinar seg\u00fan disponibilidad y calidad de la nieve.<\/p>\n<\/div>\n","protected":false},"featured_media":4562,"comment_status":"open","ping_status":"closed","template":"","meta":{"_acf_changed":false},"product_brand":[],"product_cat":[68,50,69,104,52,54,42],"product_tag":[],"class_list":{"0":"post-4567","1":"product","2":"type-product","3":"status-publish","4":"has-post-thumbnail","6":"product_cat-grupos","7":"product_cat-natura-es","8":"product_cat-nieve-es","9":"product_cat-pallars-sobira-es","10":"product_cat-rutes-es","11":"product_cat-senderismo","12":"product_cat-turismo-activo-deporte","14":"first","15":"instock","16":"shipping-taxable","17":"product-type-simple"},"acf":[],"_links":{"self":[{"href":"https:\/\/bookexperience.aralleida.cat\/es\/wp-json\/wp\/v2\/product\/4567","targetHints":{"allow":["GET"]}}],"collection":[{"href":"https:\/\/bookexperience.aralleida.cat\/es\/wp-json\/wp\/v2\/product"}],"about":[{"href":"https:\/\/bookexperience.aralleida.cat\/es\/wp-json\/wp\/v2\/types\/product"}],"replies":[{"embeddable":true,"href":"https:\/\/bookexperience.aralleida.cat\/es\/wp-json\/wp\/v2\/comments?post=4567"}],"version-history":[{"count":1,"href":"https:\/\/bookexperience.aralleida.cat\/es\/wp-json\/wp\/v2\/product\/4567\/revisions"}],"predecessor-version":[{"id":4568,"href":"https:\/\/bookexperience.aralleida.cat\/es\/wp-json\/wp\/v2\/product\/4567\/revisions\/4568"}],"wp:featuredmedia":[{"embeddable":true,"href":"https:\/\/bookexperience.aralleida.cat\/es\/wp-json\/wp\/v2\/media\/4562"}],"wp:attachment":[{"href":"https:\/\/bookexperience.aralleida.cat\/es\/wp-json\/wp\/v2\/media?parent=4567"}],"wp:term":[{"taxonomy":"product_brand","embeddable":true,"href":"https:\/\/bookexperience.aralleida.cat\/es\/wp-json\/wp\/v2\/product_brand?post=4567"},{"taxonomy":"product_cat","embeddable":true,"href":"https:\/\/bookexperience.aralleida.cat\/es\/wp-json\/wp\/v2\/product_cat?post=4567"},{"taxonomy":"product_tag","embeddable":true,"href":"https:\/\/bookexperience.aralleida.cat\/es\/wp-json\/wp\/v2\/product_tag?post=4567"}],"curies":[{"name":"wp","href":"https:\/\/api.w.org\/{rel}","templated":true}]}}