{"id":4606,"date":"2022-12-02T13:11:05","date_gmt":"2022-12-02T13:11:05","guid":{"rendered":"https:\/\/bookexperience.aralleida.cat\/producte\/congost-de-montrebei-tesoros-de-la-noguera\/"},"modified":"2022-12-02T13:11:05","modified_gmt":"2022-12-02T13:11:05","slug":"congost-de-montrebei-tesoros-de-la-noguera","status":"publish","type":"product","link":"https:\/\/bookexperience.aralleida.cat\/es\/producte\/congost-de-montrebei-tesoros-de-la-noguera\/","title":{"rendered":"Congost de Montrebei \u2013 Tesoros de la Noguera"},"content":{"rendered":"<ul>\n<li>Precio por persona. M\u00ednimo 2 personas (consulta los precios dentro de <a href=\"http:\/\/www.lleidaitu.com\/es\" target=\"_blank\" rel=\"noopener\">nuestra web<\/a>).<\/li>\n<li>Toda reserva queda bajo petici\u00f3n seg\u00fan disponibilidad.<\/li>\n<li>Todos los desplazamientos se har\u00e1n con medios propios del cliente.<\/li>\n<\/ul>\n","protected":false},"excerpt":{"rendered":"<p>Visita en un fin de semana con 2 noches de alojamiento el gran desfiladero semi-virgen de Montrebei, la segunda presa m\u00e1s alta de Europa y un observatorio astron\u00f3mico \u00fanico al mundo.<\/p>\n<ul>\n<li><span id=\"result_box\" class=\"\" lang=\"es\">2 noches en el alojamiento elegido en habitaci\u00f3n doble con desayuno (seg\u00fan\u00a0<span class=\"\">alojamiento<\/span>)<\/span><\/li>\n<li><span id=\"result_box\" class=\"\" lang=\"es\">Comida y cena\u00a0<span class=\"\">en un restaurante<\/span>\u00a0<span class=\"\">de cocina<\/span>\u00a0<span class=\"\">tradicional del Montsec.<\/span><\/span><\/li>\n<li>Visita guiada a la\u00a0<strong>Presa de Canelles y Centro de Interpretaci\u00f3n de la Energ\u00eda y la Geolog\u00eda<\/strong>.\u00a0<a href=\"https:\/\/www.elnacional.cat\/es\/cultura-ideas-artes\/presa-embalse-canelles-cueva-negra-trago_295533_102.html\" target=\"_blank\" rel=\"noopener noreferrer\"><strong>M\u00e1s info.<\/strong><\/a><\/li>\n<li>Entrada al\u00a0<strong>Centro de Observaci\u00f3n del Universo<\/strong>, \u00fanico en Europa\n<ul>\n<li>Proyecci\u00f3n en el Ojo del Montse<strong>c<\/strong>. Planetario con tecnolog\u00eda 3D y c\u00fapula desplazable.<\/li>\n<li>Sesi\u00f3n de observaci\u00f3n en el Parque de Telescopios.<\/li>\n<\/ul>\n<\/li>\n<li><strong>Excursi\u00f3n por el Congost de Montrebei<\/strong>\u00a0(ida en barco y vuelta a pie)<\/li>\n<li><span class=\"m_-6441257866437219913gmail-short_text\" lang=\"es\"><span class=\"m_-6441257866437219913gmail-\">Seguro b\u00e1sico<\/span>\u00a0<span class=\"m_-6441257866437219913gmail-\">de asistencia<\/span>\u00a0<span class=\"m_-6441257866437219913gmail-\">en viaje<\/span><span class=\"m_-6441257866437219913gmail-\">.<\/span><\/span><\/li>\n<\/ul>\n","protected":false},"featured_media":1288,"comment_status":"open","ping_status":"closed","template":"","meta":{"_acf_changed":false},"product_brand":[],"product_cat":[33,100,50,42],"product_tag":[],"class_list":{"0":"post-4606","1":"product","2":"type-product","3":"status-publish","4":"has-post-thumbnail","6":"product_cat-astronomia-es","7":"product_cat-la-noguera-es","8":"product_cat-natura-es","9":"product_cat-turismo-activo-deporte","11":"first","12":"instock","13":"shipping-taxable","14":"product-type-simple"},"acf":[],"_links":{"self":[{"href":"https:\/\/bookexperience.aralleida.cat\/es\/wp-json\/wp\/v2\/product\/4606","targetHints":{"allow":["GET"]}}],"collection":[{"href":"https:\/\/bookexperience.aralleida.cat\/es\/wp-json\/wp\/v2\/product"}],"about":[{"href":"https:\/\/bookexperience.aralleida.cat\/es\/wp-json\/wp\/v2\/types\/product"}],"replies":[{"embeddable":true,"href":"https:\/\/bookexperience.aralleida.cat\/es\/wp-json\/wp\/v2\/comments?post=4606"}],"version-history":[{"count":0,"href":"https:\/\/bookexperience.aralleida.cat\/es\/wp-json\/wp\/v2\/product\/4606\/revisions"}],"wp:featuredmedia":[{"embeddable":true,"href":"https:\/\/bookexperience.aralleida.cat\/es\/wp-json\/wp\/v2\/media\/1288"}],"wp:attachment":[{"href":"https:\/\/bookexperience.aralleida.cat\/es\/wp-json\/wp\/v2\/media?parent=4606"}],"wp:term":[{"taxonomy":"product_brand","embeddable":true,"href":"https:\/\/bookexperience.aralleida.cat\/es\/wp-json\/wp\/v2\/product_brand?post=4606"},{"taxonomy":"product_cat","embeddable":true,"href":"https:\/\/bookexperience.aralleida.cat\/es\/wp-json\/wp\/v2\/product_cat?post=4606"},{"taxonomy":"product_tag","embeddable":true,"href":"https:\/\/bookexperience.aralleida.cat\/es\/wp-json\/wp\/v2\/product_tag?post=4606"}],"curies":[{"name":"wp","href":"https:\/\/api.w.org\/{rel}","templated":true}]}}