{"id":592,"date":"2020-06-20T17:17:28","date_gmt":"2020-07-03T07:26:27","guid":{"rendered":"https:\/\/bookexperience.aralleida.cat\/?post_type=product&#038;p=592"},"modified":"2021-12-16T09:02:21","modified_gmt":"2021-12-16T09:02:21","slug":"encantats-la-vuelta-a-pie-por-el-parque-nacional-de-aiguestortes","status":"publish","type":"product","link":"https:\/\/bookexperience.aralleida.cat\/es\/producte\/encantats-la-vuelta-a-pie-por-el-parque-nacional-de-aiguestortes\/","title":{"rendered":"ENCANTATS. La vuelta a pie por el Parque Nacional de Aig\u00fcestortes"},"content":{"rendered":"<h4>Precios<strong>:<\/strong><\/h4>\n<p>410 \u20ac por persona<\/p>\n<p><strong>Suplemento Agosto<\/strong>: 25 \u20ac. IVA incluido.<\/p>\n<p>&nbsp;<\/p>\n<h4>Incluye<strong>:<\/strong><\/h4>\n<ul>\n<li>5 noches de alojamiento en media pensi\u00f3n en habitaci\u00f3n doble.<\/li>\n<li>Libro de ruta y mapa por habitaci\u00f3n.<\/li>\n<li>Tracks para GPS.<\/li>\n<li>Transporte de equipaje en todas las etapas.<\/li>\n<li>Servicio de taxi de Estany de Sant Maurici a Espot.<\/li>\n<li>Servicio de taxi de Espot a Estany de Sant Maurici.<\/li>\n<li>Entrada para visitar la iglesia de Sant Joan de Bo\u00ed declarada Patrimonio de la Humanidad.<\/li>\n<li>Una camiseta t\u00e9cnica de la ruta.<\/li>\n<li>Seguro.<\/li>\n<\/ul>\n","protected":false},"excerpt":{"rendered":"<p><strong>\u00abNo se conocen los Pirineos, cuando no se conocen Los Encantats \u00ab.\u00a0<\/strong><em>Henry Brolle, pirineista franc\u00e9s.<\/em><\/p>\n<p><strong>ENCANTATS <\/strong>es una ruta a pie auto-guiada, que propone recorrer el <strong>Parque Nacional<\/strong> a trav\u00e9s de la Val d&#8217;Aran, el Pallars Sobir\u00e0 y la Alta Ribagor\u00e7a, por los caminos hist\u00f3ricos que atraviesan las zonas de gran belleza del Parque. <strong>La Val de Ruda<\/strong>, perfecta cubeta glaciar con el circo lacustre de Saboredo.<strong> El Estany de Sant Maurici<\/strong>, con los Encantats presidiendo todo el entorno. <strong>El Portarr\u00f3 d&#8217;Espot<\/strong> de 2.425m, el aut\u00e9ntico coraz\u00f3n del Parque, transitado por pallareses, ribagorzanos y araneses desde hace siglos. <strong>Aig\u00fcestortes<\/strong>, con el Estany Llong y Llebreta en el Valle de Sant Nicolau. <strong>El Port de la Gelada<\/strong> de 2.069m, paso natural hist\u00f3rico camino entre Erill La Vall i Senet. <strong>La Vall de Barraves<\/strong>, culminada por el Puerto de Vielha.<\/p>\n<p><span lang=\"ES-TRAD\">Valles, collados, pueblos y caminos hist\u00f3ricos en un itinerario circular de 5 etapas que comienza y acaba en Vielha, con <strong>98,62 Km<\/strong> de recorrido y <strong>12.429m<\/strong> de desnivel acumulado. La ruta sigue por algunos senderos que han sido recuperados y se\u00f1alizados en el programa de Camins Vius, una iniciativa de Depana y el Parque Nacional de Aig\u00fcestortes y Estany de Sant Maurici que gestionamos.<\/span><\/p>\n<h4>6 D\u00edas | 5 Noches | 5 D\u00edas de Senderismo<\/h4>\n<p><strong>1\u00aa Etapa<\/strong> de Vielha a Baqueira.<\/p>\n<p><strong>2\u00aa Etapa<\/strong> de Baqueira a Espot por el Puerto de Ratera.<\/p>\n<p><strong>3\u00aa Etapa<\/strong> de Espot a Bo\u00ed por el Portarr\u00f3 de Espot.<\/p>\n<p><strong>4\u00aa Etapa<\/strong> de Bo\u00ed a Aneto pueblo por el Port de la Gelada.<\/p>\n<p><strong>5\u00aa Etapa<\/strong> de Aneto pueblo a Vielha por el Puerto de Vielha.<\/p>\n","protected":false},"featured_media":567,"comment_status":"open","ping_status":"closed","template":"","meta":{"_acf_changed":false},"product_brand":[],"product_cat":[97,46,48,50,104,52,54,102],"product_tag":[],"class_list":{"0":"post-592","1":"product","2":"type-product","3":"status-publish","4":"has-post-thumbnail","6":"product_cat-alta-ribagorca-es","7":"product_cat-cultura-es","8":"product_cat-gastronomia-es","9":"product_cat-natura-es","10":"product_cat-pallars-sobira-es","11":"product_cat-rutes-es","12":"product_cat-senderismo","13":"product_cat-val-daran-es","15":"first","16":"instock","17":"shipping-taxable","18":"product-type-simple"},"acf":[],"_links":{"self":[{"href":"https:\/\/bookexperience.aralleida.cat\/es\/wp-json\/wp\/v2\/product\/592","targetHints":{"allow":["GET"]}}],"collection":[{"href":"https:\/\/bookexperience.aralleida.cat\/es\/wp-json\/wp\/v2\/product"}],"about":[{"href":"https:\/\/bookexperience.aralleida.cat\/es\/wp-json\/wp\/v2\/types\/product"}],"replies":[{"embeddable":true,"href":"https:\/\/bookexperience.aralleida.cat\/es\/wp-json\/wp\/v2\/comments?post=592"}],"version-history":[{"count":3,"href":"https:\/\/bookexperience.aralleida.cat\/es\/wp-json\/wp\/v2\/product\/592\/revisions"}],"predecessor-version":[{"id":4232,"href":"https:\/\/bookexperience.aralleida.cat\/es\/wp-json\/wp\/v2\/product\/592\/revisions\/4232"}],"wp:featuredmedia":[{"embeddable":true,"href":"https:\/\/bookexperience.aralleida.cat\/es\/wp-json\/wp\/v2\/media\/567"}],"wp:attachment":[{"href":"https:\/\/bookexperience.aralleida.cat\/es\/wp-json\/wp\/v2\/media?parent=592"}],"wp:term":[{"taxonomy":"product_brand","embeddable":true,"href":"https:\/\/bookexperience.aralleida.cat\/es\/wp-json\/wp\/v2\/product_brand?post=592"},{"taxonomy":"product_cat","embeddable":true,"href":"https:\/\/bookexperience.aralleida.cat\/es\/wp-json\/wp\/v2\/product_cat?post=592"},{"taxonomy":"product_tag","embeddable":true,"href":"https:\/\/bookexperience.aralleida.cat\/es\/wp-json\/wp\/v2\/product_tag?post=592"}],"curies":[{"name":"wp","href":"https:\/\/api.w.org\/{rel}","templated":true}]}}