{"id":621,"date":"2020-06-20T17:58:15","date_gmt":"2020-07-03T07:48:37","guid":{"rendered":"https:\/\/bookexperience.aralleida.cat\/?post_type=product&#038;p=621"},"modified":"2021-12-16T08:54:59","modified_gmt":"2021-12-16T08:54:59","slug":"via-calda-el-tour-de-las-aguas-termales","status":"publish","type":"product","link":"https:\/\/bookexperience.aralleida.cat\/es\/producte\/via-calda-el-tour-de-las-aguas-termales\/","title":{"rendered":"VIA CALDA. El Tour de las aguas termales."},"content":{"rendered":"<h4>Precios:<\/h4>\n<p>475 \u20ac por persona<\/p>\n<p>Suplemento Agosto: 60 \u20ac. IVA incluido.<\/p>\n<p>&nbsp;<\/p>\n<h4>Incluye:<\/h4>\n<ul>\n<li>6 noches de alojamiento en media pensi\u00f3n en habitaci\u00f3n doble.<\/li>\n<li>Mapa y libro de ruta.<\/li>\n<li>Tracks para GPS<\/li>\n<li>Transporte de equipaje en todas las etapas.<\/li>\n<li>Servicio de taxi de Caldes de Bo\u00ed a Presa Cavallers.<\/li>\n<li>Bono para visitar 3 iglesias rom\u00e1nicas del valle de Bo\u00ed declaradas Patrimonio de la Humanidad.<\/li>\n<li>El circuito termal de Banhs de Tred\u00f2s.<\/li>\n<li>Seguro.<\/li>\n<\/ul>\n","protected":false},"excerpt":{"rendered":"<p><strong><i><span lang=\"ES-TRAD\">\u201cSi andar es salud, imagina hacerlo recorriendo los mejores hoteles termales y SPA\u2019s del Pirineo\u00bb<\/span><\/i><\/strong><\/p>\n<p><span lang=\"ES-TRAD\">VIA CALDA, un circuito de senderismo que recorre las mejores zonas termales del Pirineo: El Pont de Suert, Bo\u00ed, Tred\u00f2s, Arties, Vielha y Les. Es la <strong>perfecta combinaci\u00f3n del senderismo y las aguas termales<\/strong>, aloj\u00e1ndote en hoteles \u00fanicos.<\/span><\/p>\n<p>IMAGINA recorrer el Parque Nacional de Aig\u00fcestortes, conocer\u00a0 el circo glaciar de Colomers en la Val d\u2019Aran con <strong>48 lagos<\/strong>, visitar las <strong>Iglesias Rom\u00e1nicas de la Vall de Bo\u00ed<\/strong> declaradas Patrimonio de la Humanidad; conocer la cultura y patrimonio de la Val d\u2019Aran, su lengua propia y los restos de la antigua calzada romana. <strong>Cruzar los Pirineos a pie por el Port de Caldes<\/strong> (2.567m), hist\u00f3rico paso utilizado por araneses y ribagorzanos para mercader\u00edas y ganado. Alojarte en el moderno <strong>balneario de Caldes de Bo\u00ed<\/strong>, que ya era utilizado tur\u00edsticamente\u00a0 en el siglo XVIII. Dormir en el hotel termal m\u00e1s alto de Europa: los <strong>Banhs de Tred\u00f2s<\/strong> a 1.740 m de altura y disfrutar de una de sus 8 habitaciones y ver la surgencia termal de <strong>Arties<\/strong> o disfrutar de las modernas <strong>Termas de la Baronia de Les<\/strong>, que eran utilizadas ya por los romanos.<\/p>\n<p>&nbsp;<\/p>\n<h4>7 D\u00edas | 6 Noches | 5 D\u00edas de Senderismo<\/h4>\n<p><strong>1\u00aa Etapa<\/strong> de El Pont de Suert a Bo\u00ed por el Camino del Agua.<\/p>\n<p><strong>2\u00aa Etapa<\/strong> de Bo\u00ed a Caldes de Bo\u00ed por el Camino del Agua.<\/p>\n<p><strong>3\u00aa Etapa<\/strong> de Caldes de Bo\u00ed a Banhs de Tred\u00f2s.<\/p>\n<p><strong>4\u00aa Etapa<\/strong> de Banhs de Tred\u00f2s a Vielha.<\/p>\n<p><strong>5\u00aa Etapa<\/strong> de Vielha a Boss\u00f2st.<\/p>\n","protected":false},"featured_media":600,"comment_status":"open","ping_status":"closed","template":"","meta":{"_acf_changed":false},"product_brand":[],"product_cat":[32,97,46,48,50,52,54,102],"product_tag":[],"class_list":{"0":"post-621","1":"product","2":"type-product","3":"status-publish","4":"has-post-thumbnail","6":"product_cat-actividad","7":"product_cat-alta-ribagorca-es","8":"product_cat-cultura-es","9":"product_cat-gastronomia-es","10":"product_cat-natura-es","11":"product_cat-rutes-es","12":"product_cat-senderismo","13":"product_cat-val-daran-es","15":"first","16":"instock","17":"shipping-taxable","18":"product-type-simple"},"acf":[],"_links":{"self":[{"href":"https:\/\/bookexperience.aralleida.cat\/es\/wp-json\/wp\/v2\/product\/621","targetHints":{"allow":["GET"]}}],"collection":[{"href":"https:\/\/bookexperience.aralleida.cat\/es\/wp-json\/wp\/v2\/product"}],"about":[{"href":"https:\/\/bookexperience.aralleida.cat\/es\/wp-json\/wp\/v2\/types\/product"}],"replies":[{"embeddable":true,"href":"https:\/\/bookexperience.aralleida.cat\/es\/wp-json\/wp\/v2\/comments?post=621"}],"version-history":[{"count":4,"href":"https:\/\/bookexperience.aralleida.cat\/es\/wp-json\/wp\/v2\/product\/621\/revisions"}],"predecessor-version":[{"id":4230,"href":"https:\/\/bookexperience.aralleida.cat\/es\/wp-json\/wp\/v2\/product\/621\/revisions\/4230"}],"wp:featuredmedia":[{"embeddable":true,"href":"https:\/\/bookexperience.aralleida.cat\/es\/wp-json\/wp\/v2\/media\/600"}],"wp:attachment":[{"href":"https:\/\/bookexperience.aralleida.cat\/es\/wp-json\/wp\/v2\/media?parent=621"}],"wp:term":[{"taxonomy":"product_brand","embeddable":true,"href":"https:\/\/bookexperience.aralleida.cat\/es\/wp-json\/wp\/v2\/product_brand?post=621"},{"taxonomy":"product_cat","embeddable":true,"href":"https:\/\/bookexperience.aralleida.cat\/es\/wp-json\/wp\/v2\/product_cat?post=621"},{"taxonomy":"product_tag","embeddable":true,"href":"https:\/\/bookexperience.aralleida.cat\/es\/wp-json\/wp\/v2\/product_tag?post=621"}],"curies":[{"name":"wp","href":"https:\/\/api.w.org\/{rel}","templated":true}]}}