{"id":669,"date":"2020-06-20T19:07:42","date_gmt":"2020-07-03T07:23:48","guid":{"rendered":"https:\/\/bookexperience.aralleida.cat\/?post_type=product&#038;p=669"},"modified":"2021-12-16T08:41:56","modified_gmt":"2021-12-16T08:41:56","slug":"carros-de-foc","status":"publish","type":"product","link":"https:\/\/bookexperience.aralleida.cat\/es\/producte\/carros-de-foc\/","title":{"rendered":"CARROS DE FOC"},"content":{"rendered":"<h4>Precios:<\/h4>\n<p>540 \u20ac por persona<\/p>\n<p>Suplemento Agosto: 40 \u20ac. IVA incluido.<\/p>\n<p>&nbsp;<\/p>\n<h4>Incluye:<\/h4>\n<ul>\n<li>5 Noches de alojamiento en media pensi\u00f3n en habitaci\u00f3n doble en los hoteles.<\/li>\n<li>Mapa y libro de ruta por persona.<\/li>\n<li>Forfait Carros de Foc.<\/li>\n<li>Tracks para GPS.<\/li>\n<li>Transporte de equipaje en todas las etapas excepto en el Refugio Colomina.<\/li>\n<li>Servicio de taxi de Vielha a Pontet de Rius.<\/li>\n<li>Servicio de taxi de Presa Cavallers a Caldes de Bo\u00ed.<\/li>\n<li>Servicio de taxi de Caldes de Bo\u00ed a Aig\u00fcestortes.<\/li>\n<li>Servicio de taxi de Espot a Estany de Sant Maurici.<\/li>\n<li>Servicio de taxi de Banhs de Tred\u00f2s a inicio camino de Colomers.<\/li>\n<li>Seguro.<\/li>\n<\/ul>\n","protected":false},"excerpt":{"rendered":"<p><strong>La vuelta de los Refugios del Parque Nacional de Aig\u00fcestortes y Estany de Sant Maurici.<\/strong><\/p>\n<p><strong>CARROS DE FOC<\/strong> es el nombre comercial de una cl\u00e1sica ruta de alta monta\u00f1a por el Pirineo de Lleida, que pasa por terrenos de cuatro comarcas: Alta Ribagor\u00e7a, Pallars Sobir\u00e0, Pallars Juss\u00e0 y Val d\u2019Aran. Enmarcada en el <strong>Parque Nacional d\u2019Aigu\u0308estortes y Estany de Sant Maurici<\/strong>, que comprende precisamente la misma regi\u00f3n. Nueve son los refugios guardados por los que deberemos registrar nuestro paso en el forfait, y de esta manera conseguir un buen recuerdo de la traves\u00eda, en la llamada modalidad \u201cOpen\u201d(de Junio a Septiembre). Nuestra propuesta particular es en 5 d\u00edas de trekking con una noche en refugio de monta\u00f1a, y 4 noches con alojamiento en hotel.<\/p>\n<p>&nbsp;<\/p>\n<h4>6 D\u00edas | 5 Noches | 5 D\u00edas de Senderismo<\/h4>\n<p><strong>1\u00aa Etapa<\/strong> de Vielha \/ Pontet de Rius a Presa Cavallers\/Caldes de Bo\u00ed.<\/p>\n<p><strong>2\u00aa Etapa<\/strong> de Aig\u00fcestortes al Refugio Colomina<\/p>\n<p><strong>3\u00aa Etapa<\/strong> del Refugio Colomina a Espot<\/p>\n<p><strong>4\u00aa Etapa<\/strong> de Espot a Sabaredo \/ Banhs de Tred\u00f2s<\/p>\n<p><strong>5\u00aa Etapa<\/strong> de Banhs de Tred\u00f2s a Pontet de Rius \/ Vielha<\/p>\n","protected":false},"featured_media":648,"comment_status":"open","ping_status":"closed","template":"","meta":{"_acf_changed":false},"product_brand":[],"product_cat":[97,48,50,104,52,54,102],"product_tag":[],"class_list":{"0":"post-669","1":"product","2":"type-product","3":"status-publish","4":"has-post-thumbnail","6":"product_cat-alta-ribagorca-es","7":"product_cat-gastronomia-es","8":"product_cat-natura-es","9":"product_cat-pallars-sobira-es","10":"product_cat-rutes-es","11":"product_cat-senderismo","12":"product_cat-val-daran-es","14":"first","15":"instock","16":"shipping-taxable","17":"product-type-simple"},"acf":[],"_links":{"self":[{"href":"https:\/\/bookexperience.aralleida.cat\/es\/wp-json\/wp\/v2\/product\/669","targetHints":{"allow":["GET"]}}],"collection":[{"href":"https:\/\/bookexperience.aralleida.cat\/es\/wp-json\/wp\/v2\/product"}],"about":[{"href":"https:\/\/bookexperience.aralleida.cat\/es\/wp-json\/wp\/v2\/types\/product"}],"replies":[{"embeddable":true,"href":"https:\/\/bookexperience.aralleida.cat\/es\/wp-json\/wp\/v2\/comments?post=669"}],"version-history":[{"count":5,"href":"https:\/\/bookexperience.aralleida.cat\/es\/wp-json\/wp\/v2\/product\/669\/revisions"}],"predecessor-version":[{"id":4224,"href":"https:\/\/bookexperience.aralleida.cat\/es\/wp-json\/wp\/v2\/product\/669\/revisions\/4224"}],"wp:featuredmedia":[{"embeddable":true,"href":"https:\/\/bookexperience.aralleida.cat\/es\/wp-json\/wp\/v2\/media\/648"}],"wp:attachment":[{"href":"https:\/\/bookexperience.aralleida.cat\/es\/wp-json\/wp\/v2\/media?parent=669"}],"wp:term":[{"taxonomy":"product_brand","embeddable":true,"href":"https:\/\/bookexperience.aralleida.cat\/es\/wp-json\/wp\/v2\/product_brand?post=669"},{"taxonomy":"product_cat","embeddable":true,"href":"https:\/\/bookexperience.aralleida.cat\/es\/wp-json\/wp\/v2\/product_cat?post=669"},{"taxonomy":"product_tag","embeddable":true,"href":"https:\/\/bookexperience.aralleida.cat\/es\/wp-json\/wp\/v2\/product_tag?post=669"}],"curies":[{"name":"wp","href":"https:\/\/api.w.org\/{rel}","templated":true}]}}