{"id":695,"date":"2020-06-20T20:34:04","date_gmt":"2020-07-03T07:31:07","guid":{"rendered":"https:\/\/bookexperience.aralleida.cat\/?post_type=product&#038;p=695"},"modified":"2021-12-17T10:17:42","modified_gmt":"2021-12-17T10:17:42","slug":"mirador-del-aneto","status":"publish","type":"product","link":"https:\/\/bookexperience.aralleida.cat\/es\/producte\/mirador-del-aneto\/","title":{"rendered":"MIRADOR DEL ANETO"},"content":{"rendered":"<h4>Precios:<\/h4>\n<p>375 \u20ac por persona<\/p>\n<p>Suplemento Agosto: 35 \u20ac. IVA incluido.<\/p>\n","protected":false},"excerpt":{"rendered":"<p>El <strong>Mirador del Aneto<\/strong> da a conocer la Artiga de Lin, dentro de las rutas del Tour del Aneto, y el C\u00f2th de Baretja, uno de los mejores miradores del macizo del Aneto, el pico m\u00e1s alto de la cordillera con 3.404 m. A trav\u00e9s del Parque Natural Posets-Maladeta.<\/p>\n<p>Es una <strong>ruta slowtrek circular autoguiada con transporte de equipaje<\/strong>, que empieza y acaba en Vielha, por su menor recorrido y desniveles m\u00e1s suaves pudiendo realizarla en 4 o 3 etapas. La nueva modalidad del <strong>Tour del Aneto<\/strong> dirigida especialmente a aquellos que se inician en la traves\u00eda autoguiada.<\/p>\n<p>&nbsp;<\/p>\n<h4>5 D\u00edas | 4 Noches | 3 D\u00edas de Senderismo<\/h4>\n<p><strong>1\u00aa Etapa<\/strong> de Vielha\/Artiga de Lin a Hospice de France por el C\u00f2th dera Montjoia.<\/p>\n<p><strong>2\u00aa Etapa<\/strong> de Hospice de France a Boss\u00f2st por el C\u00f2th de Baretja.<\/p>\n<p><strong>3\u00aa Etapa<\/strong> de Boss\u00f2st a Vielha.<\/p>\n<p>&nbsp;<\/p>\n<h4>Incluye:<\/h4>\n<ul>\n<li>4 noches de alojamiento en media pensi\u00f3n en habitaci\u00f3n doble.<\/li>\n<li>Mapa y libro de ruta.<\/li>\n<li>Tracks para GPS<\/li>\n<li>Transporte de equipaje en todas las etapas.<\/li>\n<li>Transporte de Vielha a la Artiga de Lin.<\/li>\n<li>Una camiseta t\u00e9cnica.<\/li>\n<li>Seguro.<\/li>\n<\/ul>\n","protected":false},"featured_media":676,"comment_status":"open","ping_status":"closed","template":"","meta":{"_acf_changed":false},"product_brand":[],"product_cat":[46,48,50,52,54,40,102],"product_tag":[],"class_list":{"0":"post-695","1":"product","2":"type-product","3":"status-publish","4":"has-post-thumbnail","6":"product_cat-cultura-es","7":"product_cat-gastronomia-es","8":"product_cat-natura-es","9":"product_cat-rutes-es","10":"product_cat-senderismo","11":"product_cat-turismo-familiar","12":"product_cat-val-daran-es","14":"first","15":"instock","16":"shipping-taxable","17":"product-type-simple"},"acf":[],"_links":{"self":[{"href":"https:\/\/bookexperience.aralleida.cat\/es\/wp-json\/wp\/v2\/product\/695","targetHints":{"allow":["GET"]}}],"collection":[{"href":"https:\/\/bookexperience.aralleida.cat\/es\/wp-json\/wp\/v2\/product"}],"about":[{"href":"https:\/\/bookexperience.aralleida.cat\/es\/wp-json\/wp\/v2\/types\/product"}],"replies":[{"embeddable":true,"href":"https:\/\/bookexperience.aralleida.cat\/es\/wp-json\/wp\/v2\/comments?post=695"}],"version-history":[{"count":3,"href":"https:\/\/bookexperience.aralleida.cat\/es\/wp-json\/wp\/v2\/product\/695\/revisions"}],"predecessor-version":[{"id":4330,"href":"https:\/\/bookexperience.aralleida.cat\/es\/wp-json\/wp\/v2\/product\/695\/revisions\/4330"}],"wp:featuredmedia":[{"embeddable":true,"href":"https:\/\/bookexperience.aralleida.cat\/es\/wp-json\/wp\/v2\/media\/676"}],"wp:attachment":[{"href":"https:\/\/bookexperience.aralleida.cat\/es\/wp-json\/wp\/v2\/media?parent=695"}],"wp:term":[{"taxonomy":"product_brand","embeddable":true,"href":"https:\/\/bookexperience.aralleida.cat\/es\/wp-json\/wp\/v2\/product_brand?post=695"},{"taxonomy":"product_cat","embeddable":true,"href":"https:\/\/bookexperience.aralleida.cat\/es\/wp-json\/wp\/v2\/product_cat?post=695"},{"taxonomy":"product_tag","embeddable":true,"href":"https:\/\/bookexperience.aralleida.cat\/es\/wp-json\/wp\/v2\/product_tag?post=695"}],"curies":[{"name":"wp","href":"https:\/\/api.w.org\/{rel}","templated":true}]}}