{"id":709,"date":"2020-06-20T21:24:40","date_gmt":"2020-07-03T07:27:12","guid":{"rendered":"https:\/\/bookexperience.aralleida.cat\/?post_type=product&#038;p=709"},"modified":"2021-12-16T08:37:07","modified_gmt":"2021-12-16T08:37:07","slug":"escapada-al-parque-nacional-de-aiguestortes","status":"publish","type":"product","link":"https:\/\/bookexperience.aralleida.cat\/es\/producte\/escapada-al-parque-nacional-de-aiguestortes\/","title":{"rendered":"ESCAPADA AL PARQUE NACIONAL DE AIG\u00dcESTORTES."},"content":{"rendered":"<h4>Precio:<\/h4>\n<p>Desde 235 \u20ac por persona (IVA incluido)<\/p>\n<p>&nbsp;<\/p>\n<p><b>OFERTA: Si reservas antes del 1 de julio, 10% de descuento.<\/b><\/p>\n","protected":false},"excerpt":{"rendered":"<p>Paquete que combina el senderismo f\u00e1cil autoguiado por el Parque Nacional de Aig\u00fcestortes con el rom\u00e1nico de la Vall de Bo\u00ed\u00ad (declarado Patrimonio de la Humanidad por la UNESCO).<\/p>\n<p>&nbsp;<\/p>\n<h4>Propuesta:<\/h4>\n<p><strong>1\u00ba D\u00eda<\/strong> | Llegada al Valle de Bo\u00ed\u00ad y alojamiento en el Hotel escogido.<\/p>\n<p><strong>2\u00ba D\u00eda<\/strong> | Senderismo f\u00e1cil autoguiado por el Parque Nacional de Aig\u00fcestortes.<\/p>\n<p><strong>3\u00ba D\u00eda<\/strong> | Visita a las Iglesias Rom\u00e1nicas del Valle de Bo\u00ed\u00ad y salida.<\/p>\n<p>&nbsp;<\/p>\n<h4>El paquete incluye:<\/h4>\n<ul>\n<li>2 noches de alojamiento en media pensi\u00f3n en habitaci\u00f3n doble en el hotel escogido.<\/li>\n<li>Fichas t\u00e9cnicas de las diferentes propuestas de <strong>senderismo f\u00e1cil por el Parque Nacional<\/strong>.<\/li>\n<li><strong>Servicio de taxi<\/strong> del Parque Nacional de ida y vuelta.<\/li>\n<li>Bono entrada a <strong>tres iglesias rom\u00e1nicas del Valle de Bo\u00ed<\/strong>.\u00ad<\/li>\n<li>Seguro de accidentes.<\/li>\n<\/ul>\n","protected":false},"featured_media":704,"comment_status":"open","ping_status":"closed","template":"","meta":{"_acf_changed":false},"product_brand":[],"product_cat":[97,46,48,68,50,54,40],"product_tag":[],"class_list":{"0":"post-709","1":"product","2":"type-product","3":"status-publish","4":"has-post-thumbnail","6":"product_cat-alta-ribagorca-es","7":"product_cat-cultura-es","8":"product_cat-gastronomia-es","9":"product_cat-grupos","10":"product_cat-natura-es","11":"product_cat-senderismo","12":"product_cat-turismo-familiar","14":"first","15":"instock","16":"shipping-taxable","17":"product-type-simple"},"acf":[],"_links":{"self":[{"href":"https:\/\/bookexperience.aralleida.cat\/es\/wp-json\/wp\/v2\/product\/709","targetHints":{"allow":["GET"]}}],"collection":[{"href":"https:\/\/bookexperience.aralleida.cat\/es\/wp-json\/wp\/v2\/product"}],"about":[{"href":"https:\/\/bookexperience.aralleida.cat\/es\/wp-json\/wp\/v2\/types\/product"}],"replies":[{"embeddable":true,"href":"https:\/\/bookexperience.aralleida.cat\/es\/wp-json\/wp\/v2\/comments?post=709"}],"version-history":[{"count":4,"href":"https:\/\/bookexperience.aralleida.cat\/es\/wp-json\/wp\/v2\/product\/709\/revisions"}],"predecessor-version":[{"id":4221,"href":"https:\/\/bookexperience.aralleida.cat\/es\/wp-json\/wp\/v2\/product\/709\/revisions\/4221"}],"wp:featuredmedia":[{"embeddable":true,"href":"https:\/\/bookexperience.aralleida.cat\/es\/wp-json\/wp\/v2\/media\/704"}],"wp:attachment":[{"href":"https:\/\/bookexperience.aralleida.cat\/es\/wp-json\/wp\/v2\/media?parent=709"}],"wp:term":[{"taxonomy":"product_brand","embeddable":true,"href":"https:\/\/bookexperience.aralleida.cat\/es\/wp-json\/wp\/v2\/product_brand?post=709"},{"taxonomy":"product_cat","embeddable":true,"href":"https:\/\/bookexperience.aralleida.cat\/es\/wp-json\/wp\/v2\/product_cat?post=709"},{"taxonomy":"product_tag","embeddable":true,"href":"https:\/\/bookexperience.aralleida.cat\/es\/wp-json\/wp\/v2\/product_tag?post=709"}],"curies":[{"name":"wp","href":"https:\/\/api.w.org\/{rel}","templated":true}]}}