{"id":731,"date":"2020-06-20T22:34:30","date_gmt":"2020-06-20T22:39:28","guid":{"rendered":"https:\/\/bookexperience.aralleida.cat\/?post_type=product&#038;p=731"},"modified":"2021-12-17T10:15:06","modified_gmt":"2021-12-17T10:15:06","slug":"vive-la-val-daran-en-5-dias","status":"publish","type":"product","link":"https:\/\/bookexperience.aralleida.cat\/es\/producte\/vive-la-val-daran-en-5-dias\/","title":{"rendered":"VIVE LA VAL D&#8217;ARAN en 5 d\u00edas"},"content":{"rendered":"<h4>Precios:<\/h4>\n<p>245 \u20ac por persona.<\/p>\n<p><strong> Suplemento Agosto:<\/strong> 80 \u20ac. IVA incluido.<\/p>\n<p><strong>Precio en media pensi\u00f3n:<\/strong> 300 \u20ac por persona.<\/p>\n","protected":false},"excerpt":{"rendered":"<p>La <strong>Val d&#8217;Aran es el para\u00edso de los senderistas y los amantes de la naturaleza<\/strong>, situada en el coraz\u00f3n de los Pirineos, con una cultura y naturaleza acogedora, que posee unos 300 Km. de senderos se\u00f1alizados para la pr\u00e1ctica del senderismo.<\/p>\n<p>Nuestra propuesta para conocer los lugares m\u00e1s emblem\u00e1ticos de la Val d&#8217;Aran es una estancia de <strong>6 d\u00edas, 5 noches y 5 d\u00edas de senderismo<\/strong>.<\/p>\n<h4><\/h4>\n<h4><\/h4>\n<p>&nbsp;<\/p>\n<h4>Incluye:<\/h4>\n<ul>\n<li>5 noches de alojamientos en Hotel de 4* en r\u00e9gimen de alojamiento y desayuno en habitaci\u00f3n doble.<\/li>\n<li>5 d\u00edas de servicio de gu\u00eda de monta\u00f1a titulado.<\/li>\n<\/ul>\n<p>&nbsp;<\/p>\n","protected":false},"featured_media":728,"comment_status":"open","ping_status":"closed","template":"","meta":{"_acf_changed":false},"product_brand":[],"product_cat":[46,68,50,52,54,40,102],"product_tag":[],"class_list":{"0":"post-731","1":"product","2":"type-product","3":"status-publish","4":"has-post-thumbnail","6":"product_cat-cultura-es","7":"product_cat-grupos","8":"product_cat-natura-es","9":"product_cat-rutes-es","10":"product_cat-senderismo","11":"product_cat-turismo-familiar","12":"product_cat-val-daran-es","14":"first","15":"instock","16":"shipping-taxable","17":"product-type-simple"},"acf":[],"_links":{"self":[{"href":"https:\/\/bookexperience.aralleida.cat\/es\/wp-json\/wp\/v2\/product\/731","targetHints":{"allow":["GET"]}}],"collection":[{"href":"https:\/\/bookexperience.aralleida.cat\/es\/wp-json\/wp\/v2\/product"}],"about":[{"href":"https:\/\/bookexperience.aralleida.cat\/es\/wp-json\/wp\/v2\/types\/product"}],"replies":[{"embeddable":true,"href":"https:\/\/bookexperience.aralleida.cat\/es\/wp-json\/wp\/v2\/comments?post=731"}],"version-history":[{"count":4,"href":"https:\/\/bookexperience.aralleida.cat\/es\/wp-json\/wp\/v2\/product\/731\/revisions"}],"predecessor-version":[{"id":4329,"href":"https:\/\/bookexperience.aralleida.cat\/es\/wp-json\/wp\/v2\/product\/731\/revisions\/4329"}],"wp:featuredmedia":[{"embeddable":true,"href":"https:\/\/bookexperience.aralleida.cat\/es\/wp-json\/wp\/v2\/media\/728"}],"wp:attachment":[{"href":"https:\/\/bookexperience.aralleida.cat\/es\/wp-json\/wp\/v2\/media?parent=731"}],"wp:term":[{"taxonomy":"product_brand","embeddable":true,"href":"https:\/\/bookexperience.aralleida.cat\/es\/wp-json\/wp\/v2\/product_brand?post=731"},{"taxonomy":"product_cat","embeddable":true,"href":"https:\/\/bookexperience.aralleida.cat\/es\/wp-json\/wp\/v2\/product_cat?post=731"},{"taxonomy":"product_tag","embeddable":true,"href":"https:\/\/bookexperience.aralleida.cat\/es\/wp-json\/wp\/v2\/product_tag?post=731"}],"curies":[{"name":"wp","href":"https:\/\/api.w.org\/{rel}","templated":true}]}}