{"id":783,"date":"2020-06-22T08:28:07","date_gmt":"2020-06-22T08:28:07","guid":{"rendered":"https:\/\/bookexperience.aralleida.cat\/producte\/montanas-del-valle-de-boi\/"},"modified":"2021-12-10T15:30:46","modified_gmt":"2021-12-10T15:30:46","slug":"montanas-del-valle-de-boi","status":"publish","type":"product","link":"https:\/\/bookexperience.aralleida.cat\/es\/producte\/montanas-del-valle-de-boi\/","title":{"rendered":"MONTA\u00d1AS DEL VALLE DE BO\u00cd"},"content":{"rendered":"<p>I. En las fechas programadas:<\/p>\n<ul>\n<li>Precio total <u>reserva anticipada 15 d\u00edas o m\u00e1s antes de la fecha de salida<\/u> (guiaje + alojamiento Pensi\u00f3n Completa): <strong>513\u00a0euros\/persona<\/strong> (IVA incluido).<\/li>\n<li>Precio total <u>reserva de \u00faltima hora<\/u> (guiaje + alojamiento Pensi\u00f3n Completa): <strong>552 euros\/persona<\/strong> (IVA incluido).<\/li>\n<li>Suplemento habitaci\u00f3n individual \/ viajero individual: <strong>42\u00a0euros\/persona<\/strong> (IVA incluido).<\/li>\n<\/ul>\n<p>II. Para grupos privados en otras fechas: solicitar presupuesto (<a href=\"mailto:info@rutaspirineos.org\">info@rutaspirineos.org<\/a>).<\/p>\n<p>&nbsp;<\/p>\n<p><strong>Salidas programadas verano 2022:<\/strong><\/p>\n<ul>\n<li>PR\u00d3XIMAMENTE.<\/li>\n<\/ul>\n<p>&nbsp;<\/p>\n<p>El programa tambi\u00e9n se puede realizar desde junio hasta octubre en cualquier fecha en formato privado.<\/p>\n","protected":false},"excerpt":{"rendered":"<p><em><strong>Cuatro d\u00edas de senderismo en los que nos adentramos en los paisajes m\u00e1gicos del Valle de Bo\u00ed y el Parque Nacional de Aig\u00fcestortes y Estany de Sant Maurici<\/strong><\/em><\/p>\n<p>Este programa de cuatro rutas de senderismo nos descubre los <strong>lugares m\u00e1s bonitos y cautivadores del sector occidental del Parque Nacional de Aig\u00fcestortes y Estany de Sant Maurici<\/strong>. Descubriremos preciosos lagos de origen glaciar, caminaremos entre esbeltas agujas de granito, bosques de monta\u00f1a llenos de vida y agradables prados alpinos. Tambi\u00e9n subiremos a alguno de los picos m\u00e1s emblem\u00e1ticos del Valle de Bo\u00ed, fant\u00e1sticas atalayas que nos ofrecer\u00e1n vistas panor\u00e1micas en todas direcciones. Esta es una propuesta ideal para personas con una buena condici\u00f3n f\u00edsica pero no requiere tener experiencia previa en alta monta\u00f1a. Haremos noche en el bonito pueblo de Bo\u00ed, en un hotel con todas las comodidades que ser\u00e1 nuestro campo base, donde podremos descansar bien y disfrutar de la buena cocina con excelentes productos locales.<\/p>\n<p><strong>Incluye<\/strong>:<\/p>\n<ul>\n<li>La planificaci\u00f3n y preparaci\u00f3n de la ruta.<\/li>\n<li>La gesti\u00f3n de la inscripci\u00f3n.<\/li>\n<li>La realizaci\u00f3n de las rutas guiadas (gu\u00eda de monta\u00f1a titulado).<\/li>\n<li>El alojamiento (4 noches) en el Hostal Pey de Bo\u00ed en modalidad de Pensi\u00f3n Completa (alojamiento, cena, desayuno y picnic).<\/li>\n<li>El seguro de accidentes para actividades realizadas en el medio natural.<\/li>\n<\/ul>\n<p>&nbsp;<\/p>\n<p><strong>No incluye<\/strong>:<\/p>\n<ul>\n<li>El desplazamiento hasta Bo\u00ed.<\/li>\n<li>Los consumos extras en el alojamiento (bebidas extra, etc.).<\/li>\n<li>Los gastos ocasionados por el abandono de la ruta por cualquier motivo.<\/li>\n<li>Los gastos ocasionados por cambios en el recorrido por motivos de seguridad (transfers&#8230;).<\/li>\n<\/ul>\n","protected":false},"featured_media":772,"comment_status":"open","ping_status":"closed","template":"","meta":{"_acf_changed":false},"product_brand":[],"product_cat":[97,50,52,54],"product_tag":[],"class_list":{"0":"post-783","1":"product","2":"type-product","3":"status-publish","4":"has-post-thumbnail","6":"product_cat-alta-ribagorca-es","7":"product_cat-natura-es","8":"product_cat-rutes-es","9":"product_cat-senderismo","11":"first","12":"instock","13":"shipping-taxable","14":"product-type-simple"},"acf":[],"_links":{"self":[{"href":"https:\/\/bookexperience.aralleida.cat\/es\/wp-json\/wp\/v2\/product\/783","targetHints":{"allow":["GET"]}}],"collection":[{"href":"https:\/\/bookexperience.aralleida.cat\/es\/wp-json\/wp\/v2\/product"}],"about":[{"href":"https:\/\/bookexperience.aralleida.cat\/es\/wp-json\/wp\/v2\/types\/product"}],"replies":[{"embeddable":true,"href":"https:\/\/bookexperience.aralleida.cat\/es\/wp-json\/wp\/v2\/comments?post=783"}],"version-history":[{"count":3,"href":"https:\/\/bookexperience.aralleida.cat\/es\/wp-json\/wp\/v2\/product\/783\/revisions"}],"predecessor-version":[{"id":3865,"href":"https:\/\/bookexperience.aralleida.cat\/es\/wp-json\/wp\/v2\/product\/783\/revisions\/3865"}],"wp:featuredmedia":[{"embeddable":true,"href":"https:\/\/bookexperience.aralleida.cat\/es\/wp-json\/wp\/v2\/media\/772"}],"wp:attachment":[{"href":"https:\/\/bookexperience.aralleida.cat\/es\/wp-json\/wp\/v2\/media?parent=783"}],"wp:term":[{"taxonomy":"product_brand","embeddable":true,"href":"https:\/\/bookexperience.aralleida.cat\/es\/wp-json\/wp\/v2\/product_brand?post=783"},{"taxonomy":"product_cat","embeddable":true,"href":"https:\/\/bookexperience.aralleida.cat\/es\/wp-json\/wp\/v2\/product_cat?post=783"},{"taxonomy":"product_tag","embeddable":true,"href":"https:\/\/bookexperience.aralleida.cat\/es\/wp-json\/wp\/v2\/product_tag?post=783"}],"curies":[{"name":"wp","href":"https:\/\/api.w.org\/{rel}","templated":true}]}}