{"id":904,"date":"2020-06-22T15:13:06","date_gmt":"2020-06-22T15:13:06","guid":{"rendered":"https:\/\/bookexperience.aralleida.cat\/producte\/fotografia-de-rapaces\/"},"modified":"2020-06-22T17:01:58","modified_gmt":"2020-06-22T17:01:58","slug":"fotografia-de-rapaces","status":"publish","type":"product","link":"https:\/\/bookexperience.aralleida.cat\/es\/producte\/fotografia-de-rapaces\/","title":{"rendered":"Fotograf\u00eda de rapaces (4 d\u00edas)"},"content":{"rendered":"<p>992 \u20ac (6 pax); 1.134 \u20ac (3 pax)<\/p>\n","protected":false},"excerpt":{"rendered":"<p>Estancia de 4 d\u00edas para fotografiar diferentes especies de rapaces desde observatorios (hides) exclusivos.<\/p>\n<p>Especies posibles (seg\u00fan la \u00e9poca del a\u00f1o): azor, \u00e1guila perdicera, alimoches, milanos, buitre negro, buitre leonado, quebrantahuesos gavil\u00e1n, aguilucho lagunero, ratonero, cern\u00edcalo primilla, mochuelo &#8230;<\/p>\n<p>Alojamiento de 4 noches en apartamentos rurales en habitaciones dobles, en pensi\u00f3n completa. 5-6 sesiones fotogr\u00e1ficas.<\/p>\n<p>Disponible todo el a\u00f1o.<\/p>\n<p>Nos adaptamos a sus fechas y caracter\u00edsticas de viaje y grupo. Todo a medida. Cont\u00e1ctanos para pedir informaci\u00f3n m\u00e1s detallada.<\/p>\n","protected":false},"featured_media":625,"comment_status":"open","ping_status":"closed","template":"","meta":{"_acf_changed":false},"product_brand":[],"product_cat":[59,50],"product_tag":[],"class_list":{"0":"post-904","1":"product","2":"type-product","3":"status-publish","4":"has-post-thumbnail","6":"product_cat-fotografia-de-naturaleza","7":"product_cat-natura-es","9":"first","10":"instock","11":"shipping-taxable","12":"product-type-simple"},"acf":[],"_links":{"self":[{"href":"https:\/\/bookexperience.aralleida.cat\/es\/wp-json\/wp\/v2\/product\/904","targetHints":{"allow":["GET"]}}],"collection":[{"href":"https:\/\/bookexperience.aralleida.cat\/es\/wp-json\/wp\/v2\/product"}],"about":[{"href":"https:\/\/bookexperience.aralleida.cat\/es\/wp-json\/wp\/v2\/types\/product"}],"replies":[{"embeddable":true,"href":"https:\/\/bookexperience.aralleida.cat\/es\/wp-json\/wp\/v2\/comments?post=904"}],"version-history":[{"count":0,"href":"https:\/\/bookexperience.aralleida.cat\/es\/wp-json\/wp\/v2\/product\/904\/revisions"}],"wp:featuredmedia":[{"embeddable":true,"href":"https:\/\/bookexperience.aralleida.cat\/es\/wp-json\/wp\/v2\/media\/625"}],"wp:attachment":[{"href":"https:\/\/bookexperience.aralleida.cat\/es\/wp-json\/wp\/v2\/media?parent=904"}],"wp:term":[{"taxonomy":"product_brand","embeddable":true,"href":"https:\/\/bookexperience.aralleida.cat\/es\/wp-json\/wp\/v2\/product_brand?post=904"},{"taxonomy":"product_cat","embeddable":true,"href":"https:\/\/bookexperience.aralleida.cat\/es\/wp-json\/wp\/v2\/product_cat?post=904"},{"taxonomy":"product_tag","embeddable":true,"href":"https:\/\/bookexperience.aralleida.cat\/es\/wp-json\/wp\/v2\/product_tag?post=904"}],"curies":[{"name":"wp","href":"https:\/\/api.w.org\/{rel}","templated":true}]}}