{"id":929,"date":"2020-06-22T17:10:19","date_gmt":"2020-06-22T17:10:19","guid":{"rendered":"https:\/\/bookexperience.aralleida.cat\/producte\/fotografia-de-aves-estepicas-3-dias\/"},"modified":"2020-06-22T19:45:13","modified_gmt":"2020-06-22T19:45:13","slug":"fotografia-de-aves-estepicas-3-dias","status":"publish","type":"product","link":"https:\/\/bookexperience.aralleida.cat\/es\/producte\/fotografia-de-aves-estepicas-3-dias\/","title":{"rendered":"Fotografia de aves est\u00e9picas (3 d\u00edas)"},"content":{"rendered":"<div class=\"pure-g\">\n<div class=\"pure-u-1 pure-u-sm-2-3\">\n<div class=\"lsbn-green-content\">\n<p>745 \u20ac (6 pax); 995 \u20ac (3 pax)<\/p>\n<\/div>\n<\/div>\n<\/div>\n","protected":false},"excerpt":{"rendered":"<p>Estancia de tres d\u00edas y tres noches en habitaci\u00f3n doble en pensi\u00f3n completa para fotografiar algunas de las aves m\u00e1s emblem\u00e1ticas de los secanos desde observatorios (hides) exclusivos. 5-6 sesiones fotogr\u00e1ficas (seg\u00fan especies escogidas)<\/p>\n<p>Especies posibles: Sis\u00f3, cern\u00edcalo primilla, carraca, alcarav\u00e1n, abejaruco, b\u00faho, aguilucho cenizo, abubilla, roquero solitario, azor &#8230;<\/p>\n<p>Nos adaptamos a sus fechas y caracter\u00edsticas de viaje y grupo. Todo a medida. Cont\u00e1ctanos para pedir informaci\u00f3n m\u00e1s detallada.<\/p>\n","protected":false},"featured_media":928,"comment_status":"open","ping_status":"closed","template":"","meta":{"_acf_changed":false},"product_brand":[],"product_cat":[59,50],"product_tag":[],"class_list":{"0":"post-929","1":"product","2":"type-product","3":"status-publish","4":"has-post-thumbnail","6":"product_cat-fotografia-de-naturaleza","7":"product_cat-natura-es","9":"first","10":"instock","11":"shipping-taxable","12":"product-type-simple"},"acf":[],"_links":{"self":[{"href":"https:\/\/bookexperience.aralleida.cat\/es\/wp-json\/wp\/v2\/product\/929","targetHints":{"allow":["GET"]}}],"collection":[{"href":"https:\/\/bookexperience.aralleida.cat\/es\/wp-json\/wp\/v2\/product"}],"about":[{"href":"https:\/\/bookexperience.aralleida.cat\/es\/wp-json\/wp\/v2\/types\/product"}],"replies":[{"embeddable":true,"href":"https:\/\/bookexperience.aralleida.cat\/es\/wp-json\/wp\/v2\/comments?post=929"}],"version-history":[{"count":0,"href":"https:\/\/bookexperience.aralleida.cat\/es\/wp-json\/wp\/v2\/product\/929\/revisions"}],"wp:featuredmedia":[{"embeddable":true,"href":"https:\/\/bookexperience.aralleida.cat\/es\/wp-json\/wp\/v2\/media\/928"}],"wp:attachment":[{"href":"https:\/\/bookexperience.aralleida.cat\/es\/wp-json\/wp\/v2\/media?parent=929"}],"wp:term":[{"taxonomy":"product_brand","embeddable":true,"href":"https:\/\/bookexperience.aralleida.cat\/es\/wp-json\/wp\/v2\/product_brand?post=929"},{"taxonomy":"product_cat","embeddable":true,"href":"https:\/\/bookexperience.aralleida.cat\/es\/wp-json\/wp\/v2\/product_cat?post=929"},{"taxonomy":"product_tag","embeddable":true,"href":"https:\/\/bookexperience.aralleida.cat\/es\/wp-json\/wp\/v2\/product_tag?post=929"}],"curies":[{"name":"wp","href":"https:\/\/api.w.org\/{rel}","templated":true}]}}