{"id":945,"date":"2020-06-22T17:38:03","date_gmt":"2020-06-22T17:38:03","guid":{"rendered":"https:\/\/bookexperience.aralleida.cat\/producte\/fotografia-de-rapaces-y-aves-estepicas-5-dias\/"},"modified":"2020-06-22T19:42:31","modified_gmt":"2020-06-22T19:42:31","slug":"fotografia-de-rapaces-y-aves-estepicas-5-dias","status":"publish","type":"product","link":"https:\/\/bookexperience.aralleida.cat\/es\/producte\/fotografia-de-rapaces-y-aves-estepicas-5-dias\/","title":{"rendered":"Fotograf\u00eda de rapaces y aves est\u00e9picas (5 d\u00edas)"},"content":{"rendered":"<div class=\"pure-g\">\n<div class=\"pure-u-1 pure-u-sm-2-3\">\n<div class=\"lsbn-green-content\">\n<p>1.143 \u20ac (6 pax); 1.345 \u20ac (3 pax)<\/p>\n<\/div>\n<\/div>\n<\/div>\n","protected":false},"excerpt":{"rendered":"<p>Estancia de 5 d\u00edas y 5 noches en habitaci\u00f3n doble (4 PC + 1 MP) en apartamentos rurales para fotografiar aves carro\u00f1eras, rapaces y aves esteparias. 7 a 8 sesiones fotogr\u00e1ficas desde observatorios (hides) exclusivos.<\/p>\n<p>Especies posibles: buitres (negro y com\u00fan), quebrantahuesos, alimoche, sis\u00f3n, cern\u00edcalo primilla, carraca, alcarav\u00e1n, abejaruco, mochuelo, aguilucho cenizo, \u00e1guila perdicera, azor &#8230;<\/p>\n<p>Nos adaptamos a sus fechas y caracter\u00edsticas de viaje y grupo. Todo a medida. Cont\u00e1ctanos para pedir informaci\u00f3n m\u00e1s detallada.<\/p>\n","protected":false},"featured_media":936,"comment_status":"open","ping_status":"closed","template":"","meta":{"_acf_changed":false},"product_brand":[],"product_cat":[59,50],"product_tag":[],"class_list":{"0":"post-945","1":"product","2":"type-product","3":"status-publish","4":"has-post-thumbnail","6":"product_cat-fotografia-de-naturaleza","7":"product_cat-natura-es","9":"first","10":"instock","11":"shipping-taxable","12":"product-type-simple"},"acf":[],"_links":{"self":[{"href":"https:\/\/bookexperience.aralleida.cat\/es\/wp-json\/wp\/v2\/product\/945","targetHints":{"allow":["GET"]}}],"collection":[{"href":"https:\/\/bookexperience.aralleida.cat\/es\/wp-json\/wp\/v2\/product"}],"about":[{"href":"https:\/\/bookexperience.aralleida.cat\/es\/wp-json\/wp\/v2\/types\/product"}],"replies":[{"embeddable":true,"href":"https:\/\/bookexperience.aralleida.cat\/es\/wp-json\/wp\/v2\/comments?post=945"}],"version-history":[{"count":0,"href":"https:\/\/bookexperience.aralleida.cat\/es\/wp-json\/wp\/v2\/product\/945\/revisions"}],"wp:featuredmedia":[{"embeddable":true,"href":"https:\/\/bookexperience.aralleida.cat\/es\/wp-json\/wp\/v2\/media\/936"}],"wp:attachment":[{"href":"https:\/\/bookexperience.aralleida.cat\/es\/wp-json\/wp\/v2\/media?parent=945"}],"wp:term":[{"taxonomy":"product_brand","embeddable":true,"href":"https:\/\/bookexperience.aralleida.cat\/es\/wp-json\/wp\/v2\/product_brand?post=945"},{"taxonomy":"product_cat","embeddable":true,"href":"https:\/\/bookexperience.aralleida.cat\/es\/wp-json\/wp\/v2\/product_cat?post=945"},{"taxonomy":"product_tag","embeddable":true,"href":"https:\/\/bookexperience.aralleida.cat\/es\/wp-json\/wp\/v2\/product_tag?post=945"}],"curies":[{"name":"wp","href":"https:\/\/api.w.org\/{rel}","templated":true}]}}