{"id":970,"date":"2020-06-22T19:12:27","date_gmt":"2020-06-22T19:12:27","guid":{"rendered":"https:\/\/bookexperience.aralleida.cat\/producte\/big-five-iberian-raptors-7-dias\/"},"modified":"2021-12-17T08:46:24","modified_gmt":"2021-12-17T08:46:24","slug":"big-five-iberian-raptors-7-dias","status":"publish","type":"product","link":"https:\/\/bookexperience.aralleida.cat\/es\/producte\/big-five-iberian-raptors-7-dias\/","title":{"rendered":"BIG FIVE iberian raptors (7 d\u00edas)"},"content":{"rendered":"<div class=\"pure-g\">\n<div class=\"pure-u-1 pure-u-sm-2-3\">\n<div class=\"lsbn-green-content\">\n<h4>Precios:<\/h4>\n<ul>\n<li>Grupos de 4 personas: 1.975 \u20ac<\/li>\n<li>Grupos de 2 personas: 2.195 \u20ac<\/li>\n<\/ul>\n<\/div>\n<\/div>\n<\/div>\n","protected":false},"excerpt":{"rendered":"<p><strong>8 noches \/ 7 d\u00edas de foto desde aguardos (hides) exclusivos. Alojamiento en apartamentos rurales. Transfers desde el aeropuerto y entre diferentes puntos donde se realizan las sesiones fotogr\u00e1ficas.<\/strong><\/p>\n<p>Paquete pensado para fotografiar las cinco especies de rapaces ib\u00e9ricas m\u00e1s emblem\u00e1ticas en un viaje \u00fanico:<\/p>\n<ul>\n<li>Quebrantahuesos<\/li>\n<li>\u00c1guila imperial ib\u00e9rica<\/li>\n<li>Buitre negro<\/li>\n<li>\u00c1guila perdicera<\/li>\n<li>Buitre com\u00fan<\/li>\n<li>Azor<\/li>\n<li>Aguilucho<\/li>\n<li>B\u00faho<\/li>\n<li>Alimoche<\/li>\n<li>Cern\u00edcalo primilla<\/li>\n<li>Ratonero<\/li>\n<li>Milanos<\/li>\n<\/ul>\n<p>&nbsp;<\/p>\n<p>Nos adaptamos a sus fechas y caracter\u00edsticas de viaje y grupo. <strong>Todo a medida.<\/strong> Cont\u00e1ctanos para pedir informaci\u00f3n m\u00e1s detallada.<\/p>\n","protected":false},"featured_media":962,"comment_status":"open","ping_status":"closed","template":"","meta":{"_acf_changed":false},"product_brand":[],"product_cat":[32,59,68,100,50],"product_tag":[],"class_list":{"0":"post-970","1":"product","2":"type-product","3":"status-publish","4":"has-post-thumbnail","6":"product_cat-actividad","7":"product_cat-fotografia-de-naturaleza","8":"product_cat-grupos","9":"product_cat-la-noguera-es","10":"product_cat-natura-es","12":"first","13":"instock","14":"shipping-taxable","15":"product-type-simple"},"acf":[],"_links":{"self":[{"href":"https:\/\/bookexperience.aralleida.cat\/es\/wp-json\/wp\/v2\/product\/970","targetHints":{"allow":["GET"]}}],"collection":[{"href":"https:\/\/bookexperience.aralleida.cat\/es\/wp-json\/wp\/v2\/product"}],"about":[{"href":"https:\/\/bookexperience.aralleida.cat\/es\/wp-json\/wp\/v2\/types\/product"}],"replies":[{"embeddable":true,"href":"https:\/\/bookexperience.aralleida.cat\/es\/wp-json\/wp\/v2\/comments?post=970"}],"version-history":[{"count":5,"href":"https:\/\/bookexperience.aralleida.cat\/es\/wp-json\/wp\/v2\/product\/970\/revisions"}],"predecessor-version":[{"id":4282,"href":"https:\/\/bookexperience.aralleida.cat\/es\/wp-json\/wp\/v2\/product\/970\/revisions\/4282"}],"wp:featuredmedia":[{"embeddable":true,"href":"https:\/\/bookexperience.aralleida.cat\/es\/wp-json\/wp\/v2\/media\/962"}],"wp:attachment":[{"href":"https:\/\/bookexperience.aralleida.cat\/es\/wp-json\/wp\/v2\/media?parent=970"}],"wp:term":[{"taxonomy":"product_brand","embeddable":true,"href":"https:\/\/bookexperience.aralleida.cat\/es\/wp-json\/wp\/v2\/product_brand?post=970"},{"taxonomy":"product_cat","embeddable":true,"href":"https:\/\/bookexperience.aralleida.cat\/es\/wp-json\/wp\/v2\/product_cat?post=970"},{"taxonomy":"product_tag","embeddable":true,"href":"https:\/\/bookexperience.aralleida.cat\/es\/wp-json\/wp\/v2\/product_tag?post=970"}],"curies":[{"name":"wp","href":"https:\/\/api.w.org\/{rel}","templated":true}]}}